{"id":177518,"date":"2024-03-04T09:50:14","date_gmt":"2024-03-04T08:50:14","guid":{"rendered":"https:\/\/immoservicemeisel.com\/lenvironnement\/"},"modified":"2024-03-04T09:50:14","modified_gmt":"2024-03-04T08:50:14","slug":"lenvironnement","status":"publish","type":"page","link":"https:\/\/immoservicemeisel.com\/fr\/lenvironnement\/","title":{"rendered":"L&#8217;environnement"},"content":{"rendered":"\t\t<div data-elementor-type=\"wp-page\" data-elementor-id=\"177518\" class=\"elementor elementor-177518 elementor-169011\" data-elementor-post-type=\"page\">\n\t\t\t\t\t\t<section class=\"elementor-section elementor-top-section elementor-element elementor-element-139b5c60 elementor-section-height-min-height animated-slow elementor-section-boxed elementor-section-height-default elementor-section-items-middle elementor-invisible\" data-id=\"139b5c60\" data-element_type=\"section\" data-settings=\"{&quot;background_background&quot;:&quot;classic&quot;,&quot;animation&quot;:&quot;fadeIn&quot;}\">\n\t\t\t\t\t\t\t<div class=\"elementor-background-overlay\"><\/div>\n\t\t\t\t\t\t\t<div class=\"elementor-container elementor-column-gap-default\">\n\t\t\t\t\t<div class=\"elementor-column elementor-col-100 elementor-top-column elementor-element elementor-element-293e15a1\" data-id=\"293e15a1\" data-element_type=\"column\">\n\t\t\t<div class=\"elementor-widget-wrap elementor-element-populated\">\n\t\t\t\t\t\t\t<\/div>\n\t\t<\/div>\n\t\t\t\t\t<\/div>\n\t\t<\/section>\n\t\t\t\t<section class=\"elementor-section elementor-top-section elementor-element elementor-element-1f2a036 elementor-section-boxed elementor-section-height-default elementor-section-height-default\" data-id=\"1f2a036\" data-element_type=\"section\">\n\t\t\t\t\t\t<div class=\"elementor-container elementor-column-gap-default\">\n\t\t\t\t\t<div class=\"elementor-column elementor-col-100 elementor-top-column elementor-element elementor-element-33d4e81\" data-id=\"33d4e81\" data-element_type=\"column\">\n\t\t\t<div class=\"elementor-widget-wrap elementor-element-populated\">\n\t\t\t\t\t\t<div class=\"elementor-element elementor-element-45df8ed elementor-widget__width-inherit elementor-widget elementor-widget-text-editor\" data-id=\"45df8ed\" data-element_type=\"widget\" data-widget_type=\"text-editor.default\">\n\t\t\t\t<div class=\"elementor-widget-container\">\n\t\t\t\t\t\t\t\t\t<h3>Costa Brava<\/h3>\n<p>La\u00a0Costa Brava, c\u2019est une flop\u00e9e de sensations qui vous surprendront de Blanes \u00e0 Portbou. Avec le\u00a0Parc naturel du Cap de Creus, le\u00a0Parc naturel des Aiguamolls (marais) de l\u2019Empord\u00e0\u00a0et le\u00a0Parc naturel du Montgr\u00ed, des \u00celes Medes et du Baix Ter \u2013trois espaces vari\u00e9s, trois contr\u00e9es d\u2019une grande valeur biologique\u2013, la nature y joue un r\u00f4le pr\u00e9pond\u00e9rant.<\/p>\n<p>La c\u00f4te ne manquera pas non plus de vous conqu\u00e9rir \u00e0 travers la beaut\u00e9 de ses\u00a0plages\u00a0\u2013d\u2019une grande qualit\u00e9 touristique\u2013\u00a0et de ses\u00a0criques, dont certaines sont de v\u00e9ritables paradis discr\u00e8tement situ\u00e9s entre les falaises. Sans oublier le caract\u00e8re m\u00e9diterran\u00e9en de villes comme\u00a0Cadaqu\u00e9s\u00a0ou\u00a0Calella de Palafrugell.<\/p>\n<p>\u00c0 noter \u00e9galement quelques endroits tr\u00e8s singuliers, comme la\u00a0baie de Roses, le\u00a0lac de Banyoles, ou encore les\u00a0jardins botaniques\u00a0de Santa Clotilde, Pinya de Rosa, Marimurtra et Cap Roig.<\/p>\n<p>La\u00a0Costa Bravavous r\u00e9serve \u00e9galement un vaste \u00e9ventail de propositions culturelles : le grand h\u00e9ritage de\u00a0Salvador Dal\u00ed,dans l\u2019Empord\u00e0 ; le monast\u00e8re de Sant Pere de Rodes et le ch\u00e2teau de Peratallada ; les\u00a0villes m\u00e9di\u00e9vales\u00a0de Tossa de Mar, P\u00fabol et Pals ; les\u00a0ruines d\u2019Emp\u00faries, t\u00e9moins exceptionnels des civilisations gr\u00e9co-romaines\u00a0; la\u00a0c\u00e9ramique\u00a0traditionnelle de La Bisbal, et le quartier juif de la vieille ville de\u00a0G\u00e9rone, v\u00e9ritable tr\u00e9sor historique de premier ordre.<\/p>\n\t\t\t\t\t\t\t\t<\/div>\n\t\t\t\t<\/div>\n\t\t\t\t<div class=\"elementor-element elementor-element-d992b7c elementor-widget elementor-widget-text-editor\" data-id=\"d992b7c\" data-element_type=\"widget\" data-widget_type=\"text-editor.default\">\n\t\t\t\t<div class=\"elementor-widget-container\">\n\t\t\t\t\t\t\t\t\t<h3>Plages<\/h3>\n<p>Qui dit\u00a0Costa Brava\u00a0dit soleil,\u00a0plages, criques camoufl\u00e9es dans la v\u00e9g\u00e9tation, baignades rafra\u00eechissantes, eaux limpides, tranquillit\u00e9, promenades le long des chemins c\u00f4tiers, villages de marins pleins de charme, \u2026 Vous imaginez\u00a0? Prenez donc votre agenda, trouvez un petit creux et pr\u00e9parez-vous pour un superbe s\u00e9jour \u2013aussi long que possible\u2013 sur la plage.<\/p>\n\t\t\t\t\t\t\t\t<\/div>\n\t\t\t\t<\/div>\n\t\t\t\t<div class=\"elementor-element elementor-element-b8689c3 elementor-widget elementor-widget-text-editor\" data-id=\"b8689c3\" data-element_type=\"widget\" data-widget_type=\"text-editor.default\">\n\t\t\t\t<div class=\"elementor-widget-container\">\n\t\t\t\t\t\t\t\t\t<h3>Th\u00e9\u00e2tre-Mus\u00e9e Dal\u00ed<\/h3>\n<p class=\"Etiqueta\">Inaugur\u00e9 en 1974, le Th\u00e9\u00e2tre-Mus\u00e9e Dali fut construit sur les restes de l\u2019ancien th\u00e9\u00e2re de Figueres. Il contient la plus grande collection des oeuvres qui retracent le parcours artistique de Salvador Dali (1904-1989), de ses premi\u00e8res exp\u00e9riences artistiques \u00e0 ses cr\u00e9ations surr\u00e9alistes, en passant par les oeuvres des derni\u00e8res ann\u00e9es de sa vie.<\/p>\n<p class=\"Etiqueta\">Parmi ses oeuvres principales qui y sont expos\u00e9es figurent notamment Port Alguer (1924), Noia de Figueres (1926), Le spectre du sex-appeal (1932), Autoportrait mou avec lard grill\u00e9 (1941), Po\u00e9sie d\u2019Am\u00e9rique-Les athl\u00e8tes cosmiques (1943), Galarina (1944-45), La corbeille \u00e0 pain (1945), Le nez de Napol\u00e9on transform\u00e9 en femme enceinte promenant son ombre avec m\u00e9lancolie parmi les ruines originales (1945), Leda atomique (1949), L\u2019apoth\u00e9ose du dollar (1965), Galatea aux sph\u00e8res (1952) et Aurore, midi, apr\u00e8s-midi et cr\u00e9puscule (1979).<\/p>\n<p class=\"Etiqueta\">A noter \u00e9galement l\u2019ensemble d\u2019oeuvres que l\u2019artiste a r\u00e9alis\u00e9es express\u00e9ment pour le Th\u00e9\u00e2tre-Mus\u00e9e, comme la Salle Mae West, la Salle Palais du vent, le Monument \u00e0 Francesc Pujols, et la Cadillac pluvieuse. Le mus\u00e9e h\u00e9berge \u00e9galement des oeuvres d\u2019autres artistes que Dali a voulu int\u00e9grer : El Greco, Mari\u00e0 Fortuny, Modest Urgell, Ernest Meissonier, Marcel Duchamp, Wolf Vostell, Antoni Pitxot et Evarist Vall\u00e8s, entre autres.<\/p>\n<p class=\"Etiqueta\">Le Th\u00e9\u00e2tre-Mus\u00e9e Dali doit \u00eatre consid\u00e9r\u00e9 comme un tout, comme la grande oeuvre de Salvador Dali, dans la mesure o\u00f9 tout ce qu\u2019il contient a \u00e9t\u00e9 con\u00e7u et pens\u00e9 par l\u2019artiste en vue de proposer une v\u00e9ritable exp\u00e9rience au visiteur et de le plonger dans son monde captivant, unique en son genre.<\/p>\n\t\t\t\t\t\t\t\t<\/div>\n\t\t\t\t<\/div>\n\t\t\t\t<div class=\"elementor-element elementor-element-d15c86c elementor-widget elementor-widget-text-editor\" data-id=\"d15c86c\" data-element_type=\"widget\" data-widget_type=\"text-editor.default\">\n\t\t\t\t<div class=\"elementor-widget-container\">\n\t\t\t\t\t\t\t\t\t<h3>Ch\u00e2teau de Sant Ferran<\/h3>\n<p class=\"Etiqueta\">Bien que sa construction fut lanc\u00e9e en 1753 par l\u2019honorable ing\u00e9nieur militaire Juan Mar\u00edn Zermi\u00f1o, le ch\u00e2teau ne fut fonctionnel qu\u2019en 1792. Il s\u2019agit de l\u2019une des plus grandes forteresses du genre construites en Europe. Sa base a la forme d\u2019un pentagone irr\u00e9gulier sym\u00e9trique dot\u00e9 d\u2019un double circuit de d\u00e9fense et d\u2019\u00e9l\u00e9ments ext\u00e9rieurs de diff\u00e9rents types et de tailles vari\u00e9es. Le p\u00e9rim\u00e8tre ext\u00e9rieur est de 3 125 m\u00e8tres. Le foss\u00e9 comprend deux contregardes et sept ravelins, auxquels s\u2019ajoutent cinq galeries souterraines (contre-mines) et 7 citernes d\u2019une grande capacit\u00e9.<\/p>\n<p class=\"Etiqueta\">L\u2019enceinte int\u00e9rieure est compos\u00e9e de six bastions (cinq grands et un plus petit) qui s\u2019\u00e9tendent sur un p\u00e9rim\u00e8tre total de 2 100 m\u00e8tres. Autour de la spacieuse cour d\u2019armes de 12 000 m2 s\u2019\u00e9rigent 7 grands blocs de b\u00e2timents destin\u00e9s au logement de la garnison. Cette derni\u00e8re h\u00e9bergeait 4 000 hommes et ses \u00e9curies de 300 m\u00e8tres de long pouvaient accueillir jusqu\u2019\u00e0 500 chevaux. Sous la cour d\u2019armes se trouve le site visitable le plus spectaculaire du monument : les citernes navigables, extraordinaires, pouvant contenir 9 millions de litres d\u2019eau. Ouvert au public pour la premi\u00e8re fois en 1996, le Ch\u00e2teau de Sant Ferran accueille les visiteurs sans interruption depuis 1997. Il est class\u00e9 Bien culturel d\u2019int\u00e9r\u00eat national.<\/p>\n\t\t\t\t\t\t\t\t<\/div>\n\t\t\t\t<\/div>\n\t\t\t\t\t<\/div>\n\t\t<\/div>\n\t\t\t\t\t<\/div>\n\t\t<\/section>\n\t\t\t\t<\/div>\n\t\t","protected":false},"excerpt":{"rendered":"<p>Costa Brava La\u00a0Costa Brava, c\u2019est une flop\u00e9e de sensations qui vous surprendront de Blanes \u00e0 Portbou. Avec le\u00a0Parc naturel du Cap de Creus, le\u00a0Parc naturel des Aiguamolls (marais) de l\u2019Empord\u00e0\u00a0et le\u00a0Parc naturel du Montgr\u00ed, des \u00celes Medes et du Baix Ter \u2013trois espaces vari\u00e9s, trois contr\u00e9es d\u2019une grande valeur biologique\u2013, la nature y joue un [&hellip;]<\/p>\n","protected":false},"author":1,"featured_media":0,"parent":0,"menu_order":0,"comment_status":"closed","ping_status":"closed","template":"elementor_header_footer","meta":{"footnotes":""},"class_list":["post-177518","page","type-page","status-publish","hentry"],"_links":{"self":[{"href":"https:\/\/immoservicemeisel.com\/fr\/wp-json\/wp\/v2\/pages\/177518","targetHints":{"allow":["GET"]}}],"collection":[{"href":"https:\/\/immoservicemeisel.com\/fr\/wp-json\/wp\/v2\/pages"}],"about":[{"href":"https:\/\/immoservicemeisel.com\/fr\/wp-json\/wp\/v2\/types\/page"}],"author":[{"embeddable":true,"href":"https:\/\/immoservicemeisel.com\/fr\/wp-json\/wp\/v2\/users\/1"}],"replies":[{"embeddable":true,"href":"https:\/\/immoservicemeisel.com\/fr\/wp-json\/wp\/v2\/comments?post=177518"}],"version-history":[{"count":1,"href":"https:\/\/immoservicemeisel.com\/fr\/wp-json\/wp\/v2\/pages\/177518\/revisions"}],"predecessor-version":[{"id":177519,"href":"https:\/\/immoservicemeisel.com\/fr\/wp-json\/wp\/v2\/pages\/177518\/revisions\/177519"}],"wp:attachment":[{"href":"https:\/\/immoservicemeisel.com\/fr\/wp-json\/wp\/v2\/media?parent=177518"}],"curies":[{"name":"wp","href":"https:\/\/api.w.org\/{rel}","templated":true}]}}