{"id":177155,"date":"2024-03-01T18:49:36","date_gmt":"2024-03-01T17:49:36","guid":{"rendered":"https:\/\/immoservicemeisel.com\/a-propos-de-nous\/"},"modified":"2024-03-01T18:49:37","modified_gmt":"2024-03-01T17:49:37","slug":"a-propos-de-nous","status":"publish","type":"page","link":"https:\/\/immoservicemeisel.com\/fr\/a-propos-de-nous\/","title":{"rendered":"A propos de nous"},"content":{"rendered":"\t\t<div data-elementor-type=\"wp-page\" data-elementor-id=\"177155\" class=\"elementor elementor-177155 elementor-16650\" data-elementor-post-type=\"page\">\n\t\t\t\t\t\t<section class=\"elementor-section elementor-top-section elementor-element elementor-element-5b81e21 elementor-section-height-min-height animated-slow elementor-section-boxed elementor-section-height-default elementor-section-items-middle elementor-invisible\" data-id=\"5b81e21\" data-element_type=\"section\" data-settings=\"{&quot;background_background&quot;:&quot;classic&quot;,&quot;animation&quot;:&quot;fadeIn&quot;}\">\n\t\t\t\t\t\t\t<div class=\"elementor-background-overlay\"><\/div>\n\t\t\t\t\t\t\t<div class=\"elementor-container elementor-column-gap-default\">\n\t\t\t\t\t<div class=\"elementor-column elementor-col-100 elementor-top-column elementor-element elementor-element-ad367f8\" data-id=\"ad367f8\" data-element_type=\"column\">\n\t\t\t<div class=\"elementor-widget-wrap elementor-element-populated\">\n\t\t\t\t\t\t\t<\/div>\n\t\t<\/div>\n\t\t\t\t\t<\/div>\n\t\t<\/section>\n\t\t\t\t<section class=\"elementor-section elementor-top-section elementor-element elementor-element-09038dc elementor-section-boxed elementor-section-height-default elementor-section-height-default\" data-id=\"09038dc\" data-element_type=\"section\" data-settings=\"{&quot;background_background&quot;:&quot;classic&quot;}\">\n\t\t\t\t\t\t<div class=\"elementor-container elementor-column-gap-default\">\n\t\t\t\t\t<div class=\"elementor-column elementor-col-100 elementor-top-column elementor-element elementor-element-c8278ac\" data-id=\"c8278ac\" data-element_type=\"column\">\n\t\t\t<div class=\"elementor-widget-wrap elementor-element-populated\">\n\t\t\t\t\t\t<div class=\"elementor-element elementor-element-e7372b6 animated-slow elementor-invisible elementor-widget elementor-widget-houzez_elementor_section_title\" data-id=\"e7372b6\" data-element_type=\"widget\" data-settings=\"{&quot;_animation&quot;:&quot;fadeIn&quot;}\" data-widget_type=\"houzez_elementor_section_title.default\">\n\t\t\t\t<div class=\"elementor-widget-container\">\n\t\t\t\t\t            <div class=\"houzez_section_title_wrap section-title-module\">\n                                    <h2 class=\"houzez_section_title\">A propos de nous<\/h2>\n                \n                            <\/div>\n            \t\t\t\t<\/div>\n\t\t\t\t<\/div>\n\t\t\t\t<div class=\"elementor-element elementor-element-69fe9b8 elementor-widget elementor-widget-text-editor\" data-id=\"69fe9b8\" data-element_type=\"widget\" data-widget_type=\"text-editor.default\">\n\t\t\t\t<div class=\"elementor-widget-container\">\n\t\t\t\t\t\t\t\t\t<p>Depuis 30 ans j\u00b4habite \u00e0 Empuriabrava et j\u00b4ai travaill\u00e9e pendant 12 ann\u00e9es dans le secteur immobilier. Cette exp\u00e9rience m\u00b4a permis, en premier lieu, d\u00b4avoir la possibilit\u00e9 de conna\u00eetre toute l\u00b4ampleur de ce secteur. Cela m\u00b4a naturellement motiv\u00e9e afin de r\u00e9aliser mon projet.<\/p>\n<p><strong><em>IMMO SERVICE MEISEL<\/em><\/strong>\u00a0est un projet personnel, qui est soutenu par d\u00b4autres agences de la r\u00e9gion, mais aussi par ma famille et mes amis.<\/p>\n<p><strong><em>IMMO SERVICE MEISEL<\/em><\/strong>\u00a0veut aider ses clients \u00e0 effectuer des d\u00e9marches administratives ( d\u00e9claration d\u00b4imp\u00f4ts, mairie, centre\u00a0de\u00a0distribution\u00a0des\u00a0eaux et \u00e9lectricit\u00e9)<\/p>\n<p>, et d\u00b4autres services comme (vente, location, maintenance, g\u00e9rance immobili\u00e8re, gestion de propri\u00e9t\u00e9), pour les acheteurs et les vendeurs, mais aussi pour propri\u00e9taires et locataires.<\/p>\n<p>Tous ces services sont offerts par notre agence, ainsi que les meilleures options pour tous nos clients, et ce, toujours avec transparence et motivation.<\/p>\n\t\t\t\t\t\t\t\t<\/div>\n\t\t\t\t<\/div>\n\t\t\t\t\t<\/div>\n\t\t<\/div>\n\t\t\t\t\t<\/div>\n\t\t<\/section>\n\t\t\t\t<\/div>\n\t\t","protected":false},"excerpt":{"rendered":"<p>A propos de nous Depuis 30 ans j\u00b4habite \u00e0 Empuriabrava et j\u00b4ai travaill\u00e9e pendant 12 ann\u00e9es dans le secteur immobilier. Cette exp\u00e9rience m\u00b4a permis, en premier lieu, d\u00b4avoir la possibilit\u00e9 de conna\u00eetre toute l\u00b4ampleur de ce secteur. Cela m\u00b4a naturellement motiv\u00e9e afin de r\u00e9aliser mon projet. IMMO SERVICE MEISEL\u00a0est un projet personnel, qui est soutenu [&hellip;]<\/p>\n","protected":false},"author":1,"featured_media":0,"parent":0,"menu_order":0,"comment_status":"closed","ping_status":"closed","template":"template\/template-homepage.php","meta":{"footnotes":""},"class_list":["post-177155","page","type-page","status-publish","hentry"],"_links":{"self":[{"href":"https:\/\/immoservicemeisel.com\/fr\/wp-json\/wp\/v2\/pages\/177155","targetHints":{"allow":["GET"]}}],"collection":[{"href":"https:\/\/immoservicemeisel.com\/fr\/wp-json\/wp\/v2\/pages"}],"about":[{"href":"https:\/\/immoservicemeisel.com\/fr\/wp-json\/wp\/v2\/types\/page"}],"author":[{"embeddable":true,"href":"https:\/\/immoservicemeisel.com\/fr\/wp-json\/wp\/v2\/users\/1"}],"replies":[{"embeddable":true,"href":"https:\/\/immoservicemeisel.com\/fr\/wp-json\/wp\/v2\/comments?post=177155"}],"version-history":[{"count":1,"href":"https:\/\/immoservicemeisel.com\/fr\/wp-json\/wp\/v2\/pages\/177155\/revisions"}],"predecessor-version":[{"id":177156,"href":"https:\/\/immoservicemeisel.com\/fr\/wp-json\/wp\/v2\/pages\/177155\/revisions\/177156"}],"wp:attachment":[{"href":"https:\/\/immoservicemeisel.com\/fr\/wp-json\/wp\/v2\/media?parent=177155"}],"curies":[{"name":"wp","href":"https:\/\/api.w.org\/{rel}","templated":true}]}}