{"id":745,"date":"2016-03-10T18:51:46","date_gmt":"2016-03-10T18:51:46","guid":{"rendered":"https:\/\/default.houzez.co\/?page_id=745"},"modified":"2024-03-04T10:25:04","modified_gmt":"2024-03-04T09:25:04","slug":"terminos-y-condiciones","status":"publish","type":"page","link":"https:\/\/immoservicemeisel.com\/es\/terminos-y-condiciones\/","title":{"rendered":"Terminos y condiciones"},"content":{"rendered":"\t\t<div data-elementor-type=\"wp-page\" data-elementor-id=\"745\" class=\"elementor elementor-745\" data-elementor-post-type=\"page\">\n\t\t\t\t\t\t<section class=\"elementor-section elementor-top-section elementor-element elementor-element-184a151d elementor-section-boxed elementor-section-height-default elementor-section-height-default\" data-id=\"184a151d\" data-element_type=\"section\">\n\t\t\t\t\t\t<div class=\"elementor-container elementor-column-gap-default\">\n\t\t\t\t\t<div class=\"elementor-column elementor-col-100 elementor-top-column elementor-element elementor-element-64a46a1f\" data-id=\"64a46a1f\" data-element_type=\"column\">\n\t\t\t<div class=\"elementor-widget-wrap elementor-element-populated\">\n\t\t\t\t\t\t<div class=\"elementor-element elementor-element-594067c3 elementor-widget elementor-widget-text-editor\" data-id=\"594067c3\" data-element_type=\"widget\" data-widget_type=\"text-editor.default\">\n\t\t\t\t<div class=\"elementor-widget-container\">\n\t\t\t\t\t\t\t\t\t<h4><strong>1. REGISTRO Y RESERVA<\/strong><\/h4><p>Al registrarse en la residencia los pagos son los siguientes :<br \/>&#8211; Un dep\u00f3sito de:<br \/>\u2022 + \/ &#8211; 30% del precio total de alquiler y los servicios contratados con antelaci\u00f3n .<\/p><p>El cliente es responsable de su seguro de viaje, le recomendamos que contrate uno.<br \/>Es obligatorio efectuar el pago total del alquiler i los servicios contratados al menos 4 semana antes de su llegada o puede pagar el dia de su llegada en efectivo (no se aceptan cheques, tarjetas de cr\u00e9dito u otros medios similares de pago )<br \/>Tras la recepci\u00f3n de su pago recibir\u00e1 una confirmaci\u00f3n (por lo general a trav\u00e9s de correo electr\u00f3nico).<\/p><p>\u00a0<\/p><h4><strong>2. PRECIOS<\/strong><\/h4><p><strong>Alojamiento<\/strong><\/p><p>Nuestros precios incluyen todos los impuestos, excepto la tasa tur\u00edstica, que debera abonarse a su llegada , como tampoco los gastos adicionales por su mascota o seguro de viaje.<br \/>Se se\u00f1ala que la reserva de un determinado n\u00famero de personas indica que no puede ser ocupado por m\u00e1s de ellas. Nuestros balcones, terrazas y jardines no est\u00e1n todas equipadas con mesas y sillas.<\/p><p><b>Servicios opcionales<br \/><\/b>Nuestros precios de alojamiento y los servicios opcionales se muestran en nuestro sitio web o en el cat\u00e1logo.<\/p><p>\u00a0<\/p><h4><strong>3. MODIFICACI\u00d3N \/ CANCELACI\u00d3N DE ESTANCIA POR EL CLIENTE<\/strong><\/h4><p><strong>Cambio<\/strong><\/p><p><strong>1<\/strong>\u00a0&#8211; Alojamiento<br \/>Si quiere cambiar su periodo de estancia haremos lo possible mientras el alojamiento est\u00e9 disponible. Si el importe de la nueva reserva(servicios opcionales no incluidos) es inferior a la ya hecha, nos reservamos el derecho de cobrar un suplemento de 40 \u20ac.<\/p><p><strong>2<\/strong>\u00a0&#8211; Servicios opcionales<br \/>Si quiere contratar servicios adicionales que no ha contrado con anterioridad, y estos tienen un importe inferior al contratado nos reservamos el derecho de cobrar un suplemento de 20 \u20ac .<\/p><p><b>Cancelaci\u00f3n<br \/><\/b>Las cancelaciones deben hacerse por escrito, la fecha de recepci\u00f3n de su cancelaci\u00f3n se considera la fecha de cancelaci\u00f3n.<\/p><p><strong>1<\/strong>\u00a0&#8211; Alojamiento<br \/>A &#8211; estancias en nuestros alquileres de vacaciones<br \/>B\u00e1sicamente, el dep\u00f3sito abonado ser\u00e1 retenido en caso de cancelaci\u00f3n, as\u00ed que le recomendamos una vez m\u00e1s contratar un seguro de viaje.<\/p><p>Excluido .:<br \/>\u2022 En caso de cancelaci\u00f3n hasta e incluyendo el 90 d\u00eda antes de la fecha de llegada, se cargar\u00e1 el 25% del total del alquiler<br \/>\u2022 En caso de cancelaci\u00f3n entre el 89. y el 60. dia incluyendo la fecha de llegada, se cargar\u00e1 el 50% del total del alquiler<br \/>\u2022 En caso de cancelaci\u00f3n entre el 59. y el 30. d\u00eda antes de la fecha de llegada, se cagar\u00e1 el 75% del total del alquiler<br \/>\u2022 para cancelaciones menos de 29 d\u00edas antes de la fecha de llegada se le cobrar\u00e1 el importe total del alquiler .<br \/>No presentarse en el lugar de encuentro<br \/>Al no presentarse en el lugar, se cargar\u00e1 el importe total del alquiler.<\/p><p><strong>2<\/strong>&#8211; Servicios opcionales<\/p><p>No se devuelve el importe de los servicios opcionales contratados con anterioridad, si \u00e9stos no se llevan a cabo,excepto los ocasionados por fuerza mayor por ejemplo accidentes o enfermedad, y debe notificarse por escrito<\/p><p>\u00a0<\/p><h4><strong>4. LLEGADA Y SALIDA<\/strong><\/h4><p>Si, a pesar de carta de aviso, el importe total de la factura restante no puede ser pagado directamente a la llegada en efectivo,no podemos entragarle la llave de su estancia.<br \/>Las llaves son entregadas segun el contrato de arrendamiento. Seg\u00fan temporada puede variar.<br \/>Las llaves deben ser entregadas antes de las 10.00 el dia de salida.<br \/>Si no puede llegar puntual a su entrega de llaves le rogamos que nos avise con antelaci\u00f3n para poder concretar una nueva cita para dicha entrega.<\/p><p>\u00a0<\/p><h4><strong>5. DEP\u00d3SITO DE SEGURIDAD<\/strong><\/h4><p>el dia de su llegada debe entregar una fianza de 300 \u20ac &#8211; 400 \u20ac (como se indica en el contrato de arrendamiento). Esta fianza se reembolsar\u00e1 a su salida, despu\u00e9s de la inspecci\u00f3n i aprobaci\u00f3n de nuestro personal. Cualquier da\u00f1o causado podr\u00e1 ser compensado con este dep\u00f3sito.<\/p><p>\u00a0<\/p><h4><strong>6. ANIMALES<\/strong><\/h4><p>Es obligatorio presentar el certificado de vacunaci\u00f3n contra la rabia. Las mascotas suponen un gasto adicional ya especificado en nuestra web. No se permiten entrar perros en zonas comunes o piscinas.<\/p><p>\u00a0<\/p><h4><strong>7. NORMAS DE LA CASA<\/strong><\/h4><p>Para facilitar su dia a dia, en su vivienda encontrar\u00e1 una hoja de recomendaciones . Le reconmendamos por su seguridad seguir dichas normas. (antes de salir aseg\u00farense de que todas las puertas y ventanas est\u00e9n cerradas)<\/p><p>Le advertimos que no nos hacemos reponsables<\/p><p>\u00a0<\/p><h4><strong>8. EN EL EXTRANJERO<\/strong><\/h4><p>Para viajes al extranjero debe verificar la validez de su dni o su pasaporte y su seguro . Informarse sobre las leyes vigentes del pais que va a visitar.<\/p><p>\u00a0<\/p><h4><strong>9. CANCELACI\u00d3N DE LA ESTANCIA<\/strong><\/h4><p>Si decide cancelar sus vacaciones no se le reembolsar\u00e1 el importe pagado.<\/p><p>\u00a0<\/p><h4><strong>10. Cambios a la oferta<\/strong><\/h4><p>Seg\u00fan las circumstancias (por causas de fuerza major) nos podemos ver obligados a cerrar el domicilio o parte de \u00e9l como la piscina o la zona com\u00fan.<\/p><p>\u00a0<\/p><h4><strong>11.ATENCI\u00d3N AL CLIENTE<\/strong><\/h4><p>Nuestro equipo est\u00e1 disponible para solucionarle cualquier problema relacionado con su estancia.Puede llamarnos para cualquier duda, sugerimiento o queja.<\/p><p>\u00a0<\/p><h4><strong>12. TERMINOS<\/strong><\/h4><p>Al alquilar una vivienda con nosotros, autom\u00e1ticamente, acepta nuetros t\u00e9rminos y condiciones. En nuestra p\u00e1gina web publicamos descripciones y fotos de las viviendas. Dichas fotos son solo orientativas y puede variar la decoraci\u00f3n o la distribuci\u00f3n de la misma.Para obtener m\u00e1s informaci\u00f3n dir\u00edjanse a nuestro departamento del alquiler. Intentaremos cumplir sus espectativas sobre la orientaci\u00f3n o situaci\u00f3n de la vivienda, pero no podemos asegurarlo al 100 %. Las ofertas deportivas o de ocio se nos comunican a trav\u00e9s de la oficina de turismo, no nos hacemos responsables de la anulaci\u00f3n, cambio o alteraciones de dichas actividades. Cuando reserve aseg\u00farense de que la informaci\u00f3n que sale en la web no ha sufrido ninguna alteraci\u00f3n.<\/p><p>No nos hacemos responsables de las obras o ruidos causados por particulares.<\/p><p>\u00a0<\/p><h4><strong>13. RESPONSABILIDAD<\/strong><\/h4><p>Se advierte que no se aplican las leyes de responsabilidad de los hoteles. En consecuencia, no nos hacemos responsables en caso de robo, p\u00e9rdida o da\u00f1os a la propiedad personal de los hu\u00e9spedes.Tampoco de alojamiento de vacaciones, aparcamiento, zonas comunes u otros como bicicletas , trasteros etc.<\/p><p>Nuestros t\u00e9rminos y condiciones generales cumplen con las disposiciones de los Reglamentos de la Autoridad de Turismo de Espa\u00f1a<\/p>\t\t\t\t\t\t\t\t<\/div>\n\t\t\t\t<\/div>\n\t\t\t\t\t<\/div>\n\t\t<\/div>\n\t\t\t\t\t<\/div>\n\t\t<\/section>\n\t\t\t\t<\/div>\n\t\t","protected":false},"excerpt":{"rendered":"<p>1. REGISTRO Y RESERVA Al registrarse en la residencia los pagos son los siguientes :&#8211; Un dep\u00f3sito de:\u2022 + \/ &#8211; 30% del precio total de alquiler y los servicios contratados con antelaci\u00f3n . El cliente es responsable de su seguro de viaje, le recomendamos que contrate uno.Es obligatorio efectuar el pago total del alquiler [&hellip;]<\/p>\n","protected":false},"author":1,"featured_media":0,"parent":0,"menu_order":0,"comment_status":"closed","ping_status":"closed","template":"elementor_header_footer","meta":{"footnotes":""},"class_list":["post-745","page","type-page","status-publish","hentry"],"_links":{"self":[{"href":"https:\/\/immoservicemeisel.com\/es\/wp-json\/wp\/v2\/pages\/745","targetHints":{"allow":["GET"]}}],"collection":[{"href":"https:\/\/immoservicemeisel.com\/es\/wp-json\/wp\/v2\/pages"}],"about":[{"href":"https:\/\/immoservicemeisel.com\/es\/wp-json\/wp\/v2\/types\/page"}],"author":[{"embeddable":true,"href":"https:\/\/immoservicemeisel.com\/es\/wp-json\/wp\/v2\/users\/1"}],"replies":[{"embeddable":true,"href":"https:\/\/immoservicemeisel.com\/es\/wp-json\/wp\/v2\/comments?post=745"}],"version-history":[{"count":13,"href":"https:\/\/immoservicemeisel.com\/es\/wp-json\/wp\/v2\/pages\/745\/revisions"}],"predecessor-version":[{"id":177563,"href":"https:\/\/immoservicemeisel.com\/es\/wp-json\/wp\/v2\/pages\/745\/revisions\/177563"}],"wp:attachment":[{"href":"https:\/\/immoservicemeisel.com\/es\/wp-json\/wp\/v2\/media?parent=745"}],"curies":[{"name":"wp","href":"https:\/\/api.w.org\/{rel}","templated":true}]}}