{"id":178990,"date":"2024-05-03T10:28:44","date_gmt":"2024-05-03T08:28:44","guid":{"rendered":"https:\/\/immoservicemeisel.com\/?page_id=178990"},"modified":"2024-05-03T11:10:18","modified_gmt":"2024-05-03T09:10:18","slug":"politica-de-cookies","status":"publish","type":"page","link":"https:\/\/immoservicemeisel.com\/es\/politica-de-cookies\/","title":{"rendered":"Pol\u00edtica de cookies"},"content":{"rendered":"\t\t<div data-elementor-type=\"wp-page\" data-elementor-id=\"178990\" class=\"elementor elementor-178990\" data-elementor-post-type=\"page\">\n\t\t\t\t\t\t<section class=\"elementor-section elementor-top-section elementor-element elementor-element-398b3f97 elementor-section-boxed elementor-section-height-default elementor-section-height-default\" data-id=\"398b3f97\" data-element_type=\"section\">\n\t\t\t\t\t\t<div class=\"elementor-container elementor-column-gap-default\">\n\t\t\t\t\t<div class=\"elementor-column elementor-col-100 elementor-top-column elementor-element elementor-element-67fbc081\" data-id=\"67fbc081\" data-element_type=\"column\">\n\t\t\t<div class=\"elementor-widget-wrap elementor-element-populated\">\n\t\t\t\t\t\t<div class=\"elementor-element elementor-element-5e985f59 elementor-widget elementor-widget-text-editor\" data-id=\"5e985f59\" data-element_type=\"widget\" data-widget_type=\"text-editor.default\">\n\t\t\t\t<div class=\"elementor-widget-container\">\n\t\t\t\t\t\t\t\t\t<h1>Pol\u00edtica de cookies<\/h1><p>Nuestro objetivo, es ser lo m\u00e1s transparentes posible con nuestros usuarios, sobre los fines del tratamiento de los datos que recopilamos.<\/p><p>Mediante la lectura de la presente pol\u00edtica de cookies, el usuario queda informado de forma completa y accesible, sobre la utilizaci\u00f3n de los dispositivos de almacenamiento y recuperaci\u00f3n de datos, as\u00ed como lo fines del tratamiento.<\/p><p>El usuario debe leer con atenci\u00f3n esta pol\u00edtica de cookies, que ha sido redactada de forma clara y sencilla, para facilitar su comprensi\u00f3n, y determinar de forma libre e informada, si desea prestar su consentimiento para la instalaci\u00f3n de cookies en su equipo terminal.<\/p><h2>\u00bfQu\u00e9 son las cookies?<\/h2><p>Este sitio web utiliza cookies y\/o tecnolog\u00edas similares que almacenan y recuperan informaci\u00f3n cuando navegas. En general, estas tecnolog\u00edas pueden servir para finalidades muy diversas, como reconocerte como usuario, obtener informaci\u00f3n sobre tus h\u00e1bitos de navegaci\u00f3n, o personalizar la forma en que se muestra el contenido. Los usos concretos que hacemos de estas tecnolog\u00edas se describen a continuaci\u00f3n.<\/p><h2>\u00bfPara qu\u00e9 utiliza las cookies esta p\u00e1gina web?<\/h2><p>Esta p\u00e1gina web utiliza las cookies para una serie de finalidades, incluidas:<\/p><ul><li><strong>De an\u00e1lisis o medici\u00f3n<\/strong>: son aquellas que, tratadas por nosotros o por terceros, nos permiten cuantificar el n\u00famero de usuarios y as\u00ed realizar la medici\u00f3n y an\u00e1lisis estad\u00edstico de la utilizaci\u00f3n que hacen los usuarios del servicio ofertado. Para ello se analiza su navegaci\u00f3n en nuestra p\u00e1gina web con el fin de mejorar la oferta de productos o servicios que le ofrecemos.<\/li><li><strong>Publicitarias comportamentales: <\/strong>son aquellas que, tratadas por nosotros o por terceros, permiten analizar sus h\u00e1bitos de navegaci\u00f3n en internet y desarrollar un perfil espec\u00edfico para mostrarle publicidad relacionada con su navegaci\u00f3n.<\/li><\/ul><h2>\u00bfQui\u00e9n utiliza las cookies en esta p\u00e1gina web?<\/h2><p>La identificaci\u00f3n de qui\u00e9n utiliza las cookies, el tipo de cookies utilizadas y dem\u00e1s detalles, se indican a continuaci\u00f3n:<\/p><p><strong><u>De an\u00e1lisis <\/u><\/strong><strong><u>o medici\u00f3n<\/u><\/strong>:<\/p>\t\t\t\t\t\t\t\t<\/div>\n\t\t\t\t<\/div>\n\t\t\t\t\t<\/div>\n\t\t<\/div>\n\t\t\t\t\t<\/div>\n\t\t<\/section>\n\t\t\t\t<section class=\"elementor-section elementor-top-section elementor-element elementor-element-c14eff2 elementor-section-content-top elementor-section-boxed elementor-section-height-default elementor-section-height-default\" data-id=\"c14eff2\" data-element_type=\"section\" data-settings=\"{&quot;background_background&quot;:&quot;classic&quot;}\">\n\t\t\t\t\t\t<div class=\"elementor-container elementor-column-gap-no\">\n\t\t\t\t\t<div class=\"elementor-column elementor-col-50 elementor-top-column elementor-element elementor-element-c0335ad\" data-id=\"c0335ad\" data-element_type=\"column\">\n\t\t\t<div class=\"elementor-widget-wrap elementor-element-populated\">\n\t\t\t\t\t\t<div class=\"elementor-element elementor-element-20da0ae elementor-widget elementor-widget-text-editor\" data-id=\"20da0ae\" data-element_type=\"widget\" data-widget_type=\"text-editor.default\">\n\t\t\t\t<div class=\"elementor-widget-container\">\n\t\t\t\t\t\t\t\t\t<p><strong>Cookie: <\/strong>NID;<strong><br \/>Nombre:<\/strong> Google Analitycs<br \/><strong>Tipo:<\/strong> De Terceros<br \/><strong>Caducidad:<\/strong> 6 Meses<br \/><strong>Enlace:<\/strong> https:\/\/policies.google.com\/technologies\/cookies?hl=es#types-of-cookies<\/p>\t\t\t\t\t\t\t\t<\/div>\n\t\t\t\t<\/div>\n\t\t\t\t\t<\/div>\n\t\t<\/div>\n\t\t\t\t<div class=\"elementor-column elementor-col-50 elementor-top-column elementor-element elementor-element-899a151\" data-id=\"899a151\" data-element_type=\"column\">\n\t\t\t<div class=\"elementor-widget-wrap elementor-element-populated\">\n\t\t\t\t\t\t<div class=\"elementor-element elementor-element-3f8a518 elementor-widget elementor-widget-text-editor\" data-id=\"3f8a518\" data-element_type=\"widget\" data-widget_type=\"text-editor.default\">\n\t\t\t\t<div class=\"elementor-widget-container\">\n\t\t\t\t\t\t\t\t\t<p><strong>Prop\u00f3sito:\u00a0<\/strong><br \/>Al crear o iniciar sesi\u00f3n en una cuenta de Google, se almacenan estas cookies en su ordenador, con el fin de permanecer conectado a su cuenta de Google al visitar sus servicios de nuevo. Mientras permanezca con esta sesi\u00f3n activa y use complementos en otros sitios web como el nuestro, Google har\u00e1 uso de estas cookies para mejorar su experiencia de uso, recordando sus preferencias y otra informaci\u00f3n.<\/p>\t\t\t\t\t\t\t\t<\/div>\n\t\t\t\t<\/div>\n\t\t\t\t\t<\/div>\n\t\t<\/div>\n\t\t\t\t\t<\/div>\n\t\t<\/section>\n\t\t\t\t<section class=\"elementor-section elementor-top-section elementor-element elementor-element-94f30ac elementor-section-content-top elementor-section-boxed elementor-section-height-default elementor-section-height-default\" data-id=\"94f30ac\" data-element_type=\"section\" data-settings=\"{&quot;background_background&quot;:&quot;classic&quot;}\">\n\t\t\t\t\t\t<div class=\"elementor-container elementor-column-gap-no\">\n\t\t\t\t\t<div class=\"elementor-column elementor-col-50 elementor-top-column elementor-element elementor-element-4faad9a\" data-id=\"4faad9a\" data-element_type=\"column\">\n\t\t\t<div class=\"elementor-widget-wrap elementor-element-populated\">\n\t\t\t\t\t\t<div class=\"elementor-element elementor-element-eb6ce46 elementor-widget elementor-widget-text-editor\" data-id=\"eb6ce46\" data-element_type=\"widget\" data-widget_type=\"text-editor.default\">\n\t\t\t\t<div class=\"elementor-widget-container\">\n\t\t\t\t\t\t\t\t\t<p><strong>Cookie: _GA<\/strong>;<strong><br \/>Nombre:<\/strong> Google Analitycs<br \/><strong>Tipo:<\/strong> De Terceros<br \/><strong>Caducidad:<\/strong>\u00a02 a\u00f1os<br \/><strong>Enlace:<\/strong> https:\/\/policies.google.com\/technologies\/cookies?hl=es#types-of-cookies<\/p>\t\t\t\t\t\t\t\t<\/div>\n\t\t\t\t<\/div>\n\t\t\t\t\t<\/div>\n\t\t<\/div>\n\t\t\t\t<div class=\"elementor-column elementor-col-50 elementor-top-column elementor-element elementor-element-584b35f\" data-id=\"584b35f\" data-element_type=\"column\">\n\t\t\t<div class=\"elementor-widget-wrap elementor-element-populated\">\n\t\t\t\t\t\t<div class=\"elementor-element elementor-element-1a34295 elementor-widget elementor-widget-text-editor\" data-id=\"1a34295\" data-element_type=\"widget\" data-widget_type=\"text-editor.default\">\n\t\t\t\t<div class=\"elementor-widget-container\">\n\t\t\t\t\t\t\t\t\t<p><strong>Prop\u00f3sito:\u00a0<\/strong><br \/>Esta cookie se usa para distinguir a los usuarios. <\/p>\t\t\t\t\t\t\t\t<\/div>\n\t\t\t\t<\/div>\n\t\t\t\t\t<\/div>\n\t\t<\/div>\n\t\t\t\t\t<\/div>\n\t\t<\/section>\n\t\t\t\t<section class=\"elementor-section elementor-top-section elementor-element elementor-element-4c9b9ea elementor-section-boxed elementor-section-height-default elementor-section-height-default\" data-id=\"4c9b9ea\" data-element_type=\"section\">\n\t\t\t\t\t\t<div class=\"elementor-container elementor-column-gap-default\">\n\t\t\t\t\t<div class=\"elementor-column elementor-col-100 elementor-top-column elementor-element elementor-element-683fa9d\" data-id=\"683fa9d\" data-element_type=\"column\">\n\t\t\t<div class=\"elementor-widget-wrap elementor-element-populated\">\n\t\t\t\t\t\t<div class=\"elementor-element elementor-element-ba96b13 elementor-widget elementor-widget-text-editor\" data-id=\"ba96b13\" data-element_type=\"widget\" data-widget_type=\"text-editor.default\">\n\t\t\t\t<div class=\"elementor-widget-container\">\n\t\t\t\t\t\t\t\t\t<p>Nota: Las cookies de tipo \u201cPropias\u201d son utilizadas s\u00f3lo por el propietario de esta web y las cookies \u201cDe terceros\u201d son utilizadas, tambi\u00e9n, por el prestador del servicio que est\u00e1 detallado la tabla anterior.<\/p><p>Puede informarse de las transferencias a terceros pa\u00edses que, en su caso, realizan los terceros identificados en esta pol\u00edtica de cookies, en sus correspondientes pol\u00edticas (ver los enlaces facilitados en el apartado \u201cM\u00e1s informaci\u00f3n\u201d de la tabla anterior).<\/p><h2>\u00bfC\u00f3mo puedo desactivar o eliminar estas cookies?<\/h2><p>Puede permitir o rechazar las cookies, as\u00ed como revocar el consentimiento y borrar sus datos de navegaci\u00f3n (incluidas las cookies) desde el navegador que usted utiliza. Consulte las opciones e instrucciones que ofrece su navegador para ello. Tenga en cuenta que, si acepta las cookies de terceros, deber\u00e1 eliminarlas desde las opciones del navegador o desde el sistema ofrecido por el propio tercero.<\/p><p>A continuaci\u00f3n, tiene disponibles los enlaces con la informaci\u00f3n para gestionar las cookies de los navegadores m\u00e1s utilizados:<\/p><ul><li><strong>Firefox<\/strong>: <a href=\"http:\/\/support.mozilla.org\/es\/kb\/habilitar-y-deshabilitar-cookies-que-los-sitios-we\">http:\/\/support.mozilla.org\/es\/kb\/habilitar-y-deshabilitar-cookies-que-los-sitios-we<\/a><\/li><li><strong>Chrome<\/strong>: <a href=\"http:\/\/support.google.com\/chrome\/bin\/answer.py?hl=es&amp;answer=95647\">http:\/\/support.google.com\/chrome\/bin\/answer.py?hl=es&amp;answer=95647<\/a><\/li><li><strong>Microsoft Edge:<\/strong> <a href=\"https:\/\/support.microsoft.com\/es-es\/help\/4027947\/microsoft-edge-delete-cookies\">https:\/\/support.microsoft.com\/es-es\/help\/4027947\/microsoft-edge-delete-cookies<\/a><\/li><li><strong>Safari<\/strong>: <a href=\"http:\/\/support.apple.com\/kb\/ph5042\">http:\/\/support.apple.com\/kb\/ph5042<\/a><\/li><li><strong>Opera<\/strong>: <a href=\"http:\/\/help.opera.com\/Windows\/11.50\/es-ES\/cookies.html\">http:\/\/help.opera.com\/Windows\/11.50\/es-ES\/cookies.html<\/a><\/li><li><strong>Android:\u00a0<\/strong>https:\/\/support.google.com\/accounts\/answer\/61416?co=GENIE.Platform%3DAndroid&amp;hl=es<\/li><li><strong>iPhone &amp; iPad: <\/strong>https:\/\/support.google.com\/chrome\/answer\/95647?hl=es&amp;co=GENIE.Platform%3DiOS&amp;oco=1<\/li><li><strong>Otros navegadores<\/strong>: consulte la documentaci\u00f3n del navegador que tenga instalado.<\/li><\/ul><h3>Complemento de inhabilitaci\u00f3n para navegadores de Google Analytics<\/h3><p>Si desea rechazar las cookies anal\u00edticas de Google Analytics en todos los navegadores, de forma que no se env\u00ede informaci\u00f3n suya a Google Analytics, puede descargar un complemento que realiza esta funci\u00f3n desde este enlace:<\/p><p><a href=\"https:\/\/tools.google.com\/dlpage\/gaoptout\">https:\/\/tools.google.com\/dlpage\/gaoptout<\/a>.<\/p><h2>Ejercicio de derechos<\/h2><p>Puede conocer y ejercer sus derechos en materia de protecci\u00f3n de datos accediendo a nuestra <u>Pol\u00edtica de Privacidad<\/u>.<\/p><p><strong>Actualizaciones de la Pol\u00edtica de cookies<\/strong><\/p><p>Esta p\u00e1gina web puede modificar esta Pol\u00edtica de cookies, con el fin de estar adecuadamente informado sobre<\/p>\t\t\t\t\t\t\t\t<\/div>\n\t\t\t\t<\/div>\n\t\t\t\t\t<\/div>\n\t\t<\/div>\n\t\t\t\t\t<\/div>\n\t\t<\/section>\n\t\t\t\t<\/div>\n\t\t","protected":false},"excerpt":{"rendered":"<p>Pol\u00edtica de cookies Nuestro objetivo, es ser lo m\u00e1s transparentes posible con nuestros usuarios, sobre los fines del tratamiento de los datos que recopilamos. Mediante la lectura de la presente pol\u00edtica de cookies, el usuario queda informado de forma completa y accesible, sobre la utilizaci\u00f3n de los dispositivos de almacenamiento y recuperaci\u00f3n de datos, as\u00ed [&hellip;]<\/p>\n","protected":false},"author":1,"featured_media":0,"parent":0,"menu_order":0,"comment_status":"closed","ping_status":"closed","template":"elementor_header_footer","meta":{"footnotes":""},"class_list":["post-178990","page","type-page","status-publish","hentry"],"_links":{"self":[{"href":"https:\/\/immoservicemeisel.com\/es\/wp-json\/wp\/v2\/pages\/178990","targetHints":{"allow":["GET"]}}],"collection":[{"href":"https:\/\/immoservicemeisel.com\/es\/wp-json\/wp\/v2\/pages"}],"about":[{"href":"https:\/\/immoservicemeisel.com\/es\/wp-json\/wp\/v2\/types\/page"}],"author":[{"embeddable":true,"href":"https:\/\/immoservicemeisel.com\/es\/wp-json\/wp\/v2\/users\/1"}],"replies":[{"embeddable":true,"href":"https:\/\/immoservicemeisel.com\/es\/wp-json\/wp\/v2\/comments?post=178990"}],"version-history":[{"count":33,"href":"https:\/\/immoservicemeisel.com\/es\/wp-json\/wp\/v2\/pages\/178990\/revisions"}],"predecessor-version":[{"id":179026,"href":"https:\/\/immoservicemeisel.com\/es\/wp-json\/wp\/v2\/pages\/178990\/revisions\/179026"}],"wp:attachment":[{"href":"https:\/\/immoservicemeisel.com\/es\/wp-json\/wp\/v2\/media?parent=178990"}],"curies":[{"name":"wp","href":"https:\/\/api.w.org\/{rel}","templated":true}]}}