{"id":169011,"date":"2022-06-15T14:58:27","date_gmt":"2022-06-15T14:58:27","guid":{"rendered":"https:\/\/immoservicemeisel.com\/?page_id=169011"},"modified":"2022-06-15T15:25:38","modified_gmt":"2022-06-15T15:25:38","slug":"el-entorno","status":"publish","type":"page","link":"https:\/\/immoservicemeisel.com\/es\/el-entorno\/","title":{"rendered":"El Entorno"},"content":{"rendered":"\t\t<div data-elementor-type=\"wp-page\" data-elementor-id=\"169011\" class=\"elementor elementor-169011\" data-elementor-post-type=\"page\">\n\t\t\t\t\t\t<section class=\"elementor-section elementor-top-section elementor-element elementor-element-139b5c60 elementor-section-height-min-height animated-slow elementor-section-boxed elementor-section-height-default elementor-section-items-middle elementor-invisible\" data-id=\"139b5c60\" data-element_type=\"section\" data-settings=\"{&quot;background_background&quot;:&quot;classic&quot;,&quot;animation&quot;:&quot;fadeIn&quot;}\">\n\t\t\t\t\t\t\t<div class=\"elementor-background-overlay\"><\/div>\n\t\t\t\t\t\t\t<div class=\"elementor-container elementor-column-gap-default\">\n\t\t\t\t\t<div class=\"elementor-column elementor-col-100 elementor-top-column elementor-element elementor-element-293e15a1\" data-id=\"293e15a1\" data-element_type=\"column\">\n\t\t\t<div class=\"elementor-widget-wrap elementor-element-populated\">\n\t\t\t\t\t\t\t<\/div>\n\t\t<\/div>\n\t\t\t\t\t<\/div>\n\t\t<\/section>\n\t\t\t\t<section class=\"elementor-section elementor-top-section elementor-element elementor-element-1f2a036 elementor-section-boxed elementor-section-height-default elementor-section-height-default\" data-id=\"1f2a036\" data-element_type=\"section\">\n\t\t\t\t\t\t<div class=\"elementor-container elementor-column-gap-default\">\n\t\t\t\t\t<div class=\"elementor-column elementor-col-100 elementor-top-column elementor-element elementor-element-33d4e81\" data-id=\"33d4e81\" data-element_type=\"column\">\n\t\t\t<div class=\"elementor-widget-wrap elementor-element-populated\">\n\t\t\t\t\t\t<div class=\"elementor-element elementor-element-45df8ed elementor-widget__width-inherit elementor-widget elementor-widget-text-editor\" data-id=\"45df8ed\" data-element_type=\"widget\" data-widget_type=\"text-editor.default\">\n\t\t\t\t<div class=\"elementor-widget-container\">\n\t\t\t\t\t\t\t\t\t<h3>Costa Brava<\/h3><p>La Costa Brava es una suma de sensaciones que te sorprender\u00e1n, desde Blanes hasta Portbou. La naturaleza tiene un protagonismo destacado en este territorio, que alberga el Parque Natural de Cap de Creus, el Parque Natural de Els Aiguamolls de l\u2019Empord\u00e0 y el Parque Natural de El Montgr\u00ed, las Illes Medes y el Baix Ter. Tres escenarios de enorme diversidad; tres parajes de gran valor biol\u00f3gico.<\/p><p>Nuestro litoral tambi\u00e9n te cautivar\u00e1 por la belleza de sus playas \u2212de gran calidad tur\u00edstica\u2212 y calas, algunas de ellas aut\u00e9nticos para\u00edsos escondidos entre acantilados. Sin olvidarnos del car\u00e1cter mediterr\u00e1neo de poblaciones como Cadaqu\u00e9so Calella de Palafrugell.<\/p><p>Tambi\u00e9n debes tomar nota de lugares tan singulares como la bah\u00eda de Roses, el lago de Banyoles o los jardines bot\u00e1nicosde Santa Clotilde, Pinya de Rosa, Marimurtra y Cap Roig.<\/p><p>La Costa Brava tambi\u00e9n te reserva un gran n\u00famero de propuestas culturales: el vasto legado de Salvador Dal\u00ed en el Empord\u00e0; el monasterio de Sant Pere de Rodes o el castillo de Peratallada; villas medievales como Tossa de Mar, P\u00fabol o Pals; las ruinas de Emp\u00faries, testimonios excepcionales de las civilizaciones griega y romana; la tradici\u00f3n ceramista de La Bisbal, y el casco antiguo de Girona, con una joya hist\u00f3rica de primer orden: su juder\u00eda.<\/p>\t\t\t\t\t\t\t\t<\/div>\n\t\t\t\t<\/div>\n\t\t\t\t<div class=\"elementor-element elementor-element-d992b7c elementor-widget elementor-widget-text-editor\" data-id=\"d992b7c\" data-element_type=\"widget\" data-widget_type=\"text-editor.default\">\n\t\t\t\t<div class=\"elementor-widget-container\">\n\t\t\t\t\t\t\t\t\t<h3>Playas<\/h3><p>La Costa Brava es sol, playa, calas escondidas entre la vegetaci\u00f3n, ba\u00f1os refrescantes, aguas cristalinas, tranquilidad, paseos por los caminos de ronda, poblaciones marineras con encanto\u2026 Te haces ya a la idea, \u00bfverdad? Pues coge tu agenda, encuentra el pr\u00f3ximo hueco en ella y prep\u00e1rate para un gran d\u00eda \u2013o todos los que puedas\u2013 de playa.<\/p>\t\t\t\t\t\t\t\t<\/div>\n\t\t\t\t<\/div>\n\t\t\t\t<div class=\"elementor-element elementor-element-b8689c3 elementor-widget elementor-widget-text-editor\" data-id=\"b8689c3\" data-element_type=\"widget\" data-widget_type=\"text-editor.default\">\n\t\t\t\t<div class=\"elementor-widget-container\">\n\t\t\t\t\t\t\t\t\t<h3>Museo Dal\u00ed<\/h3><p>El Teatro-Museo Dal\u00ed, inaugurado en 1974, se construy\u00f3 sobre los restos del antiguo teatro de Figueres y alberga el m\u00e1s amplio abanico de obras que describen la trayectoria art\u00edstica de Salvador Dal\u00ed (1904-1989), desde sus primeras experiencias art\u00edsticas y sus creaciones surrealistas hasta las obras de los \u00faltimos a\u00f1os de su vida.<\/p><p>Algunas de las obras m\u00e1s destacadas que se exponen son Port Alguer (1924), Noia de Figueres (1926), L\u2019espectre del sex-appeal (1932), Autoretrat tou amb bac\u00f3 fregit (1941), Poesia d\u2019Am\u00e8rica o Els atletes c\u00f2smics (1943), Galarina (1944-1945), La panera del pa (1945), El nas de Napole\u00f3 transformat en una dona encinta que passeja la seva ombra malenconiosa entre les ru\u00efnes originals (1945), Leda at\u00f2mica (1949), L\u2019apoteosi del d\u00f2lar (1965), Galatea de les esferes (1952) o Aurora, migdia, capvespre i crepuscle (1979).<\/p><p>Tambi\u00e9n cabe destacar el conjunto de obras realizadas por el artista expresamente para el Teatro-Museo, como la sala Mae West, la sala Palau del Vent, el monumento a Francesc Pujols y el Cadillac pluj\u00f3s. Asimismo, se muestran obras de otros artistas que Dal\u00ed quiso incluir en este espacio: el Greco, Mari\u00e0 Fortuny, Modest Urgell, Jean-Louis-Ernest Meissonier, Marcel Duchamp, Wolf Vostell, Antoni Pitxot y Evarist Vall\u00e8s, entre otros.<\/p><p>El Teatro-Museo se ha de ver como un todo, como la gran obra de Salvador Dal\u00ed, ya que todo en \u00e9l fue concebido y dise\u00f1ado por el artista para ofrecer al visitante una verdadera experiencia y para que este se adentrara en su mundo, cautivador y \u00fanico.<\/p>\t\t\t\t\t\t\t\t<\/div>\n\t\t\t\t<\/div>\n\t\t\t\t<div class=\"elementor-element elementor-element-d15c86c elementor-widget elementor-widget-text-editor\" data-id=\"d15c86c\" data-element_type=\"widget\" data-widget_type=\"text-editor.default\">\n\t\t\t\t<div class=\"elementor-widget-container\">\n\t\t\t\t\t\t\t\t\t<h3>Castillo de San Ferran<\/h3><p>Iniciada su construcci\u00f3n en el a\u00f1o 1753 por el muy notable ingeniero militar Juan Mar\u00edn Zermi\u00f1o, no estuvo en activo hasta el a\u00f1o 1792. Es una de las mayores fortalezas de sus caracter\u00edsticas construidas en Europa. Su planta constituye un pent\u00e1gono irregular sim\u00e9trico, con un doble circuito defensivo, constituido por obras exteriores de distintos tipos y dimensiones. El per\u00edmetro interior mide 3.125 metros. En el foso se encuentran las obras exteriores antes mencionadas: dos contraguardias y siete revellines, a los que se a\u00f1aden cinco galer\u00edas subterr\u00e1neas de contramina y siete cisternas de gran capacidad.<\/p><p>El recinto interior est\u00e1 formado por cinco grandes baluartes y uno de menor tama\u00f1o, o plataforma, con un per\u00edmetro total de 2.100 metros. En torno al espacioso patio de armas, de 12.000 metros cuadrados, se sit\u00faan siete grandes bloques de edificios para el alojamiento de la guarnici\u00f3n. Esta era de 4.000 hombres, aunque el recinto pod\u00eda llegar a albergar el doble de personas en caso de necesidad. Unas espaciosas caballerizas de 300 metros de longitud pod\u00edan alojar hasta 500 caballos. Bajo el patio de armas se encuentra el lugar de visitas m\u00e1s espectacular del monumento: sus extraordinarias cisternas navegables, capaces de contener 9 millones de litros de agua. El castillo de Sant Ferran estuvo abierto al p\u00fablico por primera vez en 1996, y desde 1997 permanece abierto de forma regular. Est\u00e1 clasificado como Bien Cultural de Inter\u00e9s Nacional.<\/p>\t\t\t\t\t\t\t\t<\/div>\n\t\t\t\t<\/div>\n\t\t\t\t\t<\/div>\n\t\t<\/div>\n\t\t\t\t\t<\/div>\n\t\t<\/section>\n\t\t\t\t<\/div>\n\t\t","protected":false},"excerpt":{"rendered":"<p>Costa Brava La Costa Brava es una suma de sensaciones que te sorprender\u00e1n, desde Blanes hasta Portbou. La naturaleza tiene un protagonismo destacado en este territorio, que alberga el Parque Natural de Cap de Creus, el Parque Natural de Els Aiguamolls de l\u2019Empord\u00e0 y el Parque Natural de El Montgr\u00ed, las Illes Medes y el [&hellip;]<\/p>\n","protected":false},"author":1,"featured_media":0,"parent":0,"menu_order":0,"comment_status":"closed","ping_status":"closed","template":"elementor_header_footer","meta":{"footnotes":""},"class_list":["post-169011","page","type-page","status-publish","hentry"],"_links":{"self":[{"href":"https:\/\/immoservicemeisel.com\/es\/wp-json\/wp\/v2\/pages\/169011","targetHints":{"allow":["GET"]}}],"collection":[{"href":"https:\/\/immoservicemeisel.com\/es\/wp-json\/wp\/v2\/pages"}],"about":[{"href":"https:\/\/immoservicemeisel.com\/es\/wp-json\/wp\/v2\/types\/page"}],"author":[{"embeddable":true,"href":"https:\/\/immoservicemeisel.com\/es\/wp-json\/wp\/v2\/users\/1"}],"replies":[{"embeddable":true,"href":"https:\/\/immoservicemeisel.com\/es\/wp-json\/wp\/v2\/comments?post=169011"}],"version-history":[{"count":10,"href":"https:\/\/immoservicemeisel.com\/es\/wp-json\/wp\/v2\/pages\/169011\/revisions"}],"predecessor-version":[{"id":169256,"href":"https:\/\/immoservicemeisel.com\/es\/wp-json\/wp\/v2\/pages\/169011\/revisions\/169256"}],"wp:attachment":[{"href":"https:\/\/immoservicemeisel.com\/es\/wp-json\/wp\/v2\/media?parent=169011"}],"curies":[{"name":"wp","href":"https:\/\/api.w.org\/{rel}","templated":true}]}}