{"id":16650,"date":"2020-02-24T22:15:15","date_gmt":"2020-02-24T22:15:15","guid":{"rendered":"https:\/\/demo01.houzez.co\/?page_id=16650"},"modified":"2024-02-09T16:45:10","modified_gmt":"2024-02-09T15:45:10","slug":"sobre-nosotros","status":"publish","type":"page","link":"https:\/\/immoservicemeisel.com\/es\/sobre-nosotros\/","title":{"rendered":"Sobre Nosotros"},"content":{"rendered":"\t\t<div data-elementor-type=\"wp-page\" data-elementor-id=\"16650\" class=\"elementor elementor-16650\" data-elementor-post-type=\"page\">\n\t\t\t\t\t\t<section class=\"elementor-section elementor-top-section elementor-element elementor-element-5b81e21 elementor-section-height-min-height animated-slow elementor-section-boxed elementor-section-height-default elementor-section-items-middle elementor-invisible\" data-id=\"5b81e21\" data-element_type=\"section\" data-settings=\"{&quot;background_background&quot;:&quot;classic&quot;,&quot;animation&quot;:&quot;fadeIn&quot;}\">\n\t\t\t\t\t\t\t<div class=\"elementor-background-overlay\"><\/div>\n\t\t\t\t\t\t\t<div class=\"elementor-container elementor-column-gap-default\">\n\t\t\t\t\t<div class=\"elementor-column elementor-col-100 elementor-top-column elementor-element elementor-element-ad367f8\" data-id=\"ad367f8\" data-element_type=\"column\">\n\t\t\t<div class=\"elementor-widget-wrap elementor-element-populated\">\n\t\t\t\t\t\t\t<\/div>\n\t\t<\/div>\n\t\t\t\t\t<\/div>\n\t\t<\/section>\n\t\t\t\t<section class=\"elementor-section elementor-top-section elementor-element elementor-element-09038dc elementor-section-boxed elementor-section-height-default elementor-section-height-default\" data-id=\"09038dc\" data-element_type=\"section\" data-settings=\"{&quot;background_background&quot;:&quot;classic&quot;}\">\n\t\t\t\t\t\t<div class=\"elementor-container elementor-column-gap-default\">\n\t\t\t\t\t<div class=\"elementor-column elementor-col-100 elementor-top-column elementor-element elementor-element-c8278ac\" data-id=\"c8278ac\" data-element_type=\"column\">\n\t\t\t<div class=\"elementor-widget-wrap elementor-element-populated\">\n\t\t\t\t\t\t<div class=\"elementor-element elementor-element-e7372b6 animated-slow elementor-invisible elementor-widget elementor-widget-houzez_elementor_section_title\" data-id=\"e7372b6\" data-element_type=\"widget\" data-settings=\"{&quot;_animation&quot;:&quot;fadeIn&quot;}\" data-widget_type=\"houzez_elementor_section_title.default\">\n\t\t\t\t<div class=\"elementor-widget-container\">\n\t\t\t\t\t            <div class=\"houzez_section_title_wrap section-title-module\">\n                                    <h2 class=\"houzez_section_title\">Sobre Nosotros\n<\/h2>\n                \n                            <\/div>\n            \t\t\t\t<\/div>\n\t\t\t\t<\/div>\n\t\t\t\t<div class=\"elementor-element elementor-element-69fe9b8 elementor-widget elementor-widget-text-editor\" data-id=\"69fe9b8\" data-element_type=\"widget\" data-widget_type=\"text-editor.default\">\n\t\t\t\t<div class=\"elementor-widget-container\">\n\t\t\t\t\t\t\t\t\t<p style=\"margin-right: 0px; margin-bottom: 10px; margin-left: 0px; color: #333333; font-family: Roboto, sans-serif; font-size: 15px;\">Desde hace 29 a\u00f1os vivo en Empuriabrava y durante los \u00faltimos 9 he estado trabajando en el entorno inmobiliario. Esto me ha permitido conocer de primera mano todas las necesidades que surgen en este sector. Lo que me ha motivado a formarme para iniciar este proyecto.\u00a0<\/p><p style=\"margin-right: 0px; margin-bottom: 10px; margin-left: 0px; color: #333333; font-family: Roboto, sans-serif; font-size: 15px;\"><strong><em>IMMO SERVICE MEISEL<\/em><\/strong>, es un proyecto personal que cuenta con la colaboraci\u00f3n de otros profesionales de la zona, y el apoyo de la familia y amigos.<\/p><p style=\"margin-right: 0px; margin-bottom: 10px; margin-left: 0px; color: #333333; font-family: Roboto, sans-serif; font-size: 15px;\">Desde\u00a0<strong><em>IMMO SERVICE MEISEL<\/em><\/strong>\u00a0queremos poder acompa\u00f1ar al cliente tanto en las gestiones legales (Obtenci\u00f3n de NIE\/certificados energ\u00e9ticos y cedulas de habitabilidad, declaraci\u00f3n de impuestos, Ayuntamiento, cambios de nombre de suministros), como en las diversas necesidades que puedan surgir en cada caso (venta, gesti\u00f3n de alquiler, mantenimiento, deposito de llaves, administraci\u00f3n de la propiedad). Tanto desde el punto de vista del comprador y el vendedor, o del propietario y el inquilino.<\/p><p style=\"margin-right: 0px; margin-bottom: 10px; margin-left: 0px; color: #333333; font-family: Roboto, sans-serif; font-size: 15px;\">Todas las gestiones derivadas de tener una propiedad, siempre buscando la opci\u00f3n m\u00e1s ventajosa y favorable, con transparencia, atenci\u00f3n y motivaci\u00f3n.\u00a0<\/p><p style=\"margin-right: 0px; margin-bottom: 10px; margin-left: 0px; color: #333333; font-family: Roboto, sans-serif; font-size: 15px;\">Os esperamos en el Sector Alberes en Empuriabrava, d\u00f3nde pod\u00e9is encontrar nuestra agencia.<\/p>\t\t\t\t\t\t\t\t<\/div>\n\t\t\t\t<\/div>\n\t\t\t\t\t<\/div>\n\t\t<\/div>\n\t\t\t\t\t<\/div>\n\t\t<\/section>\n\t\t\t\t<\/div>\n\t\t","protected":false},"excerpt":{"rendered":"<p>Sobre Nosotros Desde hace 29 a\u00f1os vivo en Empuriabrava y durante los \u00faltimos 9 he estado trabajando en el entorno inmobiliario. Esto me ha permitido conocer de primera mano todas las necesidades que surgen en este sector. Lo que me ha motivado a formarme para iniciar este proyecto.\u00a0 IMMO SERVICE MEISEL, es un proyecto personal [&hellip;]<\/p>\n","protected":false},"author":1,"featured_media":0,"parent":0,"menu_order":0,"comment_status":"closed","ping_status":"closed","template":"template\/template-homepage.php","meta":{"footnotes":""},"class_list":["post-16650","page","type-page","status-publish","hentry"],"_links":{"self":[{"href":"https:\/\/immoservicemeisel.com\/es\/wp-json\/wp\/v2\/pages\/16650","targetHints":{"allow":["GET"]}}],"collection":[{"href":"https:\/\/immoservicemeisel.com\/es\/wp-json\/wp\/v2\/pages"}],"about":[{"href":"https:\/\/immoservicemeisel.com\/es\/wp-json\/wp\/v2\/types\/page"}],"author":[{"embeddable":true,"href":"https:\/\/immoservicemeisel.com\/es\/wp-json\/wp\/v2\/users\/1"}],"replies":[{"embeddable":true,"href":"https:\/\/immoservicemeisel.com\/es\/wp-json\/wp\/v2\/comments?post=16650"}],"version-history":[{"count":33,"href":"https:\/\/immoservicemeisel.com\/es\/wp-json\/wp\/v2\/pages\/16650\/revisions"}],"predecessor-version":[{"id":170126,"href":"https:\/\/immoservicemeisel.com\/es\/wp-json\/wp\/v2\/pages\/16650\/revisions\/170126"}],"wp:attachment":[{"href":"https:\/\/immoservicemeisel.com\/es\/wp-json\/wp\/v2\/media?parent=16650"}],"curies":[{"name":"wp","href":"https:\/\/api.w.org\/{rel}","templated":true}]}}