{"id":177159,"date":"2024-03-01T18:52:52","date_gmt":"2024-03-01T17:52:52","guid":{"rendered":"https:\/\/immoservicemeisel.com\/where-we-are\/"},"modified":"2024-03-01T18:53:32","modified_gmt":"2024-03-01T17:53:32","slug":"where-we-are","status":"publish","type":"page","link":"https:\/\/immoservicemeisel.com\/en\/where-we-are\/","title":{"rendered":"Where we are"},"content":{"rendered":"\t\t<div data-elementor-type=\"wp-page\" data-elementor-id=\"177159\" class=\"elementor elementor-177159 elementor-169011\" data-elementor-post-type=\"page\">\n\t\t\t\t\t\t<section class=\"elementor-section elementor-top-section elementor-element elementor-element-139b5c60 elementor-section-height-min-height animated-slow elementor-section-boxed elementor-section-height-default elementor-section-items-middle elementor-invisible\" data-id=\"139b5c60\" data-element_type=\"section\" data-settings=\"{&quot;background_background&quot;:&quot;classic&quot;,&quot;animation&quot;:&quot;fadeIn&quot;}\">\n\t\t\t\t\t\t\t<div class=\"elementor-background-overlay\"><\/div>\n\t\t\t\t\t\t\t<div class=\"elementor-container elementor-column-gap-default\">\n\t\t\t\t\t<div class=\"elementor-column elementor-col-100 elementor-top-column elementor-element elementor-element-293e15a1\" data-id=\"293e15a1\" data-element_type=\"column\">\n\t\t\t<div class=\"elementor-widget-wrap elementor-element-populated\">\n\t\t\t\t\t\t\t<\/div>\n\t\t<\/div>\n\t\t\t\t\t<\/div>\n\t\t<\/section>\n\t\t\t\t<section class=\"elementor-section elementor-top-section elementor-element elementor-element-1f2a036 elementor-section-boxed elementor-section-height-default elementor-section-height-default\" data-id=\"1f2a036\" data-element_type=\"section\">\n\t\t\t\t\t\t<div class=\"elementor-container elementor-column-gap-default\">\n\t\t\t\t\t<div class=\"elementor-column elementor-col-100 elementor-top-column elementor-element elementor-element-33d4e81\" data-id=\"33d4e81\" data-element_type=\"column\">\n\t\t\t<div class=\"elementor-widget-wrap elementor-element-populated\">\n\t\t\t\t\t\t<div class=\"elementor-element elementor-element-45df8ed elementor-widget__width-inherit elementor-widget elementor-widget-text-editor\" data-id=\"45df8ed\" data-element_type=\"widget\" data-widget_type=\"text-editor.default\">\n\t\t\t\t<div class=\"elementor-widget-container\">\n\t\t\t\t\t\t\t\t\t<h3>Costa Brava<\/h3>\n<p>The\u00a0Costa Brava\u00a0is the sum of amazing sensations from Blanes to Portbou. Nature plays a starring role in the form of three natural parks (Cap de Creus, Aiguamolls de l\u2019Empord\u00e0\u00a0and\u00a0Montgr\u00ed, the\u00a0Medes\u00a0Islands\u00a0and the\u00a0Baix Ter\u00a0area): three distinctive settings, three areas of great biological importance. The coastline will also take your breath away with the beauty of its superb\u00a0beaches\u00a0and heavenly\u00a0coves\u00a0nestled among cliffs, not to mention typical Mediterranean towns such asCadaqu\u00e9s\u00a0or\u00a0Calella de Palafrugell, and unique beauty spots such as the\u00a0bay\u00a0of Roses,\u00a0Banyoles lake, and the\u00a0botanical gardens\u00a0of Santa Clotilde, Pinya de Rosa, Marimurtra and Cap Roig.<\/p>\n<p>The\u00a0Costa Brava\u00a0also boasts an array of cultural assets: sites that display the wonderful legacy of\u00a0Salvador Dal\u00ed\u00a0in Empord\u00e0; the monastery of Sant Pere de Rodes or the castle of Peratallada;\u00a0mediaeval towns\u00a0such as Tossa de Mar, P\u00fabol or Pals; theruins of Emp\u00faries, a major archaeological site providing a fascinating insight into how the ancient Greeks and Romans lived; the traditional\u00a0ceramics\u00a0of La Bisbal; and\u00a0Girona\u2019s\u00a0old quarter, featuring a superb historical gem, the\u00a0<em>call<\/em>\u00a0(Jewish quarter).<\/p>\n\t\t\t\t\t\t\t\t<\/div>\n\t\t\t\t<\/div>\n\t\t\t\t<div class=\"elementor-element elementor-element-d992b7c elementor-widget elementor-widget-text-editor\" data-id=\"d992b7c\" data-element_type=\"widget\" data-widget_type=\"text-editor.default\">\n\t\t\t\t<div class=\"elementor-widget-container\">\n\t\t\t\t\t\t\t\t\t<h3>Beaches<\/h3>\n<p>The\u00a0Costa Brava\u00a0is about sun,\u00a0beaches, coves surrounded by nature, refreshing dips in crystal-clear water, peace and calm, strolls along coastal footpaths, charming fishing villages\u2026 How does all of that sound? Well get your diary out, find the next gap and get ready to spend a great day (or all the days you can manage) on the beach.<\/p>\n\t\t\t\t\t\t\t\t<\/div>\n\t\t\t\t<\/div>\n\t\t\t\t<div class=\"elementor-element elementor-element-b8689c3 elementor-widget elementor-widget-text-editor\" data-id=\"b8689c3\" data-element_type=\"widget\" data-widget_type=\"text-editor.default\">\n\t\t\t\t<div class=\"elementor-widget-container\">\n\t\t\t\t\t\t\t\t\t<h3>Dal\u00ed Theatre-Museum<\/h3>\n<p class=\"Etiqueta\">Inaugurated in 1974, the Dal\u00ed Theatre-Museum was built upon the remains of the former Figueres theatre. It contains the broadest range of works spanning the artistic career of Salvador Dal\u00ed (1904-1989), from his earliest artistic experiences and his surrealist creations to the works produced in the last few years of his life<\/p>\n<p class=\"Etiqueta\">Some of the most noteworthy works on display there are: Port Alguer (1924), The Girl from Figueres (1926), The Spectre of Sex Appeal (1932), Soft Self-Portrait with Fried Bacon (1941), Poetry of America \u2013 The Cosmic Athletes (1943), Galarina (1944-45), Basket of Bread (1945), Napoleon\u2019s Nose Transformed into a Pregnant Woman Strolling Her Shadow with Melancholic amongst Original Ruins (1945), Atomic Leda (1949), Apotheosis of the Dollar (1965), Galatea of the Spheres (1952) and Dawn, Noon, Afternoon and Evening (1979).<\/p>\n<p class=\"Etiqueta\">Other highlights include the set of works that the artist created expressly for the Theatre-Museum, such as the Mae West Room, the Wind Palace Room, the Monument to Francesc Pujols and the Rainy Cadillac. The Theatre-Museum also features works by other artists that Dal\u00ed wished to include there: El Greco, Mari\u00e0 Fortuny, Modest Urgell, Ernest Meissonier, Marcel Duchamp, Wolf Vostell, Antoni Pitxot and Evarist Vall\u00e8s, among others.<\/p>\n<p class=\"Etiqueta\">The Dal\u00ed Theatre-Museum must be seen as a whole, as the great work of Salvador Dal\u00ed, since all of its elements were conceived and designed by the artist with the goal of offering visitors a real experience and immersing them in his captivating and unique world<\/p>\n\t\t\t\t\t\t\t\t<\/div>\n\t\t\t\t<\/div>\n\t\t\t\t<div class=\"elementor-element elementor-element-d15c86c elementor-widget elementor-widget-text-editor\" data-id=\"d15c86c\" data-element_type=\"widget\" data-widget_type=\"text-editor.default\">\n\t\t\t\t<div class=\"elementor-widget-container\">\n\t\t\t\t\t\t\t\t\t<h3>Sant Ferran Castle<\/h3>\n<p class=\"Etiqueta\">The construction of the castle began in 1753 under the orders of the highly distinguished military engineer Juan Mart\u00edn Cerme\u00f1o but it was not operational until 1792. It is one of the largest fortresses of its kind to be built in Europe. It has a symmetrical irregular pentagon layout with a double defence circuit composed of outer works of different types and sizes. The exterior perimeter measures 3,125 metres. In the moat the aforementioned outer works are found: two counterguards and seven ravelins, to which five counter mines and seven large-capacity water tanks are added.<\/p>\n<p class=\"Etiqueta\">The interior enclosure is made up of five large bastions and one smaller bastion (or platform), with a total perimeter of 2,100 metres. Seven large buildings for the accommodation of the garrison are arranged around the 12,000 m2 central parade ground. The garrison was composed of 4,000 men although the fortress could accommodate double that number if necessary. The 300-metre-long stables could accommodate up to 500 horses. The most spectacular feature of the monument for visitors is located underneath the parade ground: the extraordinary navigable water tanks, which could hold up to 9 million litres of water. Sant Ferran Castle was first opened to the general public in 1996 and has remained open on a regular basis since 1997. It is classified as a Cultural Asset of National Interest.<\/p>\n\t\t\t\t\t\t\t\t<\/div>\n\t\t\t\t<\/div>\n\t\t\t\t\t<\/div>\n\t\t<\/div>\n\t\t\t\t\t<\/div>\n\t\t<\/section>\n\t\t\t\t<\/div>\n\t\t","protected":false},"excerpt":{"rendered":"<p>Costa Brava The\u00a0Costa Brava\u00a0is the sum of amazing sensations from Blanes to Portbou. Nature plays a starring role in the form of three natural parks (Cap de Creus, Aiguamolls de l\u2019Empord\u00e0\u00a0and\u00a0Montgr\u00ed, the\u00a0Medes\u00a0Islands\u00a0and the\u00a0Baix Ter\u00a0area): three distinctive settings, three areas of great biological importance. The coastline will also take your breath away with the beauty of [&hellip;]<\/p>\n","protected":false},"author":1,"featured_media":0,"parent":0,"menu_order":0,"comment_status":"closed","ping_status":"closed","template":"elementor_header_footer","meta":{"footnotes":""},"class_list":["post-177159","page","type-page","status-publish","hentry"],"_links":{"self":[{"href":"https:\/\/immoservicemeisel.com\/en\/wp-json\/wp\/v2\/pages\/177159","targetHints":{"allow":["GET"]}}],"collection":[{"href":"https:\/\/immoservicemeisel.com\/en\/wp-json\/wp\/v2\/pages"}],"about":[{"href":"https:\/\/immoservicemeisel.com\/en\/wp-json\/wp\/v2\/types\/page"}],"author":[{"embeddable":true,"href":"https:\/\/immoservicemeisel.com\/en\/wp-json\/wp\/v2\/users\/1"}],"replies":[{"embeddable":true,"href":"https:\/\/immoservicemeisel.com\/en\/wp-json\/wp\/v2\/comments?post=177159"}],"version-history":[{"count":3,"href":"https:\/\/immoservicemeisel.com\/en\/wp-json\/wp\/v2\/pages\/177159\/revisions"}],"predecessor-version":[{"id":177162,"href":"https:\/\/immoservicemeisel.com\/en\/wp-json\/wp\/v2\/pages\/177159\/revisions\/177162"}],"wp:attachment":[{"href":"https:\/\/immoservicemeisel.com\/en\/wp-json\/wp\/v2\/media?parent=177159"}],"curies":[{"name":"wp","href":"https:\/\/api.w.org\/{rel}","templated":true}]}}