{"id":177143,"date":"2024-03-01T18:45:28","date_gmt":"2024-03-01T17:45:28","guid":{"rendered":"https:\/\/immoservicemeisel.com\/terms-and-conditions\/"},"modified":"2024-03-04T10:16:27","modified_gmt":"2024-03-04T09:16:27","slug":"terms-and-conditions","status":"publish","type":"page","link":"https:\/\/immoservicemeisel.com\/en\/terms-and-conditions\/","title":{"rendered":"Terms and Conditions"},"content":{"rendered":"\t\t<div data-elementor-type=\"wp-page\" data-elementor-id=\"177143\" class=\"elementor elementor-177143 elementor-745\" data-elementor-post-type=\"page\">\n\t\t\t\t\t\t<section class=\"elementor-section elementor-top-section elementor-element elementor-element-184a151d elementor-section-boxed elementor-section-height-default elementor-section-height-default\" data-id=\"184a151d\" data-element_type=\"section\">\n\t\t\t\t\t\t<div class=\"elementor-container elementor-column-gap-default\">\n\t\t\t\t\t<div class=\"elementor-column elementor-col-100 elementor-top-column elementor-element elementor-element-64a46a1f\" data-id=\"64a46a1f\" data-element_type=\"column\">\n\t\t\t<div class=\"elementor-widget-wrap elementor-element-populated\">\n\t\t\t\t\t\t<div class=\"elementor-element elementor-element-594067c3 elementor-widget elementor-widget-text-editor\" data-id=\"594067c3\" data-element_type=\"widget\" data-widget_type=\"text-editor.default\">\n\t\t\t\t<div class=\"elementor-widget-container\">\n\t\t\t\t\t\t\t\t\t<h4><strong>1. REGISTRO Y RESERVA<\/strong><\/h4>\r\nAl registrarse en la residencia los pagos son los siguientes :\r\n\r\n&#8211; Un dep\u00f3sito de:\r\n\r\n\u2022 + \/ &#8211; 30% del precio total de alquiler y los servicios contratados con antelaci\u00f3n .\r\n\r\nEl cliente es responsable de su seguro de viaje, le recomendamos que contrate uno.\r\n\r\nEs obligatorio efectuar el pago total del alquiler i los servicios contratados al menos 4 semana antes de su llegada o puede pagar el dia de su llegada en efectivo (no se aceptan cheques, tarjetas de cr\u00e9dito u otros medios similares de pago )\r\n\r\nTras la recepci\u00f3n de su pago recibir\u00e1 una confirmaci\u00f3n (por lo general a trav\u00e9s de correo electr\u00f3nico)\r\n<h4><strong>2. PRECIOS<\/strong><\/h4>\r\n<strong>Alojamiento<\/strong>\r\n\r\nNuestros precios incluyen todos los impuestos, excepto la tasa tur\u00edstica, que debera abonarse a su llegada , como tampoco los gastos adicionales por su mascota o seguro de viaje .\r\n\r\nSe se\u00f1ala que la reserva de un determinado n\u00famero de personas indica que no puede ser ocupado por m\u00e1s de ellas. Nuestros balcones, terrazas y jardines no est\u00e1n todas equipadas con mesas y sillas.\r\n\r\n<strong>Servicios opcionales<\/strong>\r\n\r\nNuestros precios de alojamiento y los servicios opcionales se muestran en nuestro sitio web o en el cat\u00e1logo.\r\n<h4><strong>3. MODIFICACI\u00d3N \/ CANCELACI\u00d3N DE ESTANCIA POR EL CLIENTE<\/strong><\/h4>\r\n<strong>Cambio<\/strong>\r\n\r\n<strong>1<\/strong>\u00a0&#8211; Alojamiento\r\n\r\nSi quiere cambiar su periodo de estancia haremos lo possible mientras el alojamiento est\u00e9 disponible. Si el importe de la nueva reserva(servicios opcionales no incluidos) es inferior a la ya hecha, nos reservamos el derecho de cobrar un suplemento de 40 \u20ac.\r\n\r\n<strong>2<\/strong>\u00a0&#8211; Servicios opcionales\r\n\r\nSi quiere contratar servicios adicionales que no ha contrado con anterioridad, y estos tienen un importe inferior al contratado nos reservamos el derecho de cobrar un suplemento de 20 \u20ac .\r\n\r\n<strong>Cancelaci\u00f3n<\/strong>\r\n\r\nLas cancelaciones deben hacerse por escrito, la fecha de recepci\u00f3n de su cancelaci\u00f3n se considera la fecha de cancelaci\u00f3n.\r\n\r\n<strong>1<\/strong>\u00a0&#8211; Alojamiento\r\n\r\nA &#8211; estancias en nuestros alquileres de vacaciones\r\n\r\nB\u00e1sicamente, el dep\u00f3sito abonado ser\u00e1 retenido en caso de cancelaci\u00f3n, as\u00ed que le recomendamos una vez m\u00e1s contratar un seguro de viaje.\r\n\r\nExcluido .:\r\n\r\n\u2022 En caso de cancelaci\u00f3n hasta e incluyendo el 90 d\u00eda antes de la fecha de llegada, se cargar\u00e1 el 25% del total del alquiler\r\n\r\n\u2022 En caso de cancelaci\u00f3n entre el 89. y el 60. dia incluyendo la fecha de llegada, se cargar\u00e1 el 50% del total del alquiler\r\n\r\n\u2022 En caso de cancelaci\u00f3n entre el 59. y el 30. d\u00eda antes de la fecha de llegada, se cagar\u00e1 el 75% del total del alquiler\r\n\r\n\u2022 para cancelaciones menos de 29 d\u00edas antes de la fecha de llegada se le cobrar\u00e1 el importe total del alquiler .\r\n\r\nNo presentarse en el lugar de encuentro\r\n\r\nAl no presentarse en el lugar, se cargar\u00e1 el importe total del alquiler.\r\n\r\n<strong>2<\/strong>&#8211; Servicios opcionales\r\n\r\nNo se devuelve el importe de los servicios opcionales contratados con anterioridad, si \u00e9stos no se llevan a cabo,excepto los ocasionados por fuerza mayor por ejemplo accidentes o enfermedad, y debe notificarse por escrito\r\n<h4><strong>4. LLEGADA Y SALIDA<\/strong><\/h4>\r\nSi, a pesar de carta de aviso, el importe total de la factura restante no puede ser pagado directamente a la llegada en efectivo,no podemos entragarle la llave de su estancia.\r\n\r\nLas llaves son entregadas segun el contrato de arrendamiento. Seg\u00fan temporada puede variar.\r\n\r\nLas llaves deben ser entregadas antes de las 10.00 el dia de salida.\r\n\r\nSi no puede llegar puntual a su entrega de llaves le rogamos que nos avise con antelaci\u00f3n para poder concretar una nueva cita para dicha entrega.\r\n<h4><strong>5. DEP\u00d3SITO DE SEGURIDAD<\/strong><\/h4>\r\nel dia de su llegada debe entregar una fianza de 300 \u20ac &#8211; 400 \u20ac (como se indica en el contrato de arrendamiento). Esta fianza se reembolsar\u00e1 a su salida, despu\u00e9s de la inspecci\u00f3n i aprobaci\u00f3n de nuestro personal. Cualquier da\u00f1o causado podr\u00e1 ser compensado con este dep\u00f3sito.\r\n<h4><strong>6. ANIMALES<\/strong><\/h4>\r\nEs obligatorio presentar el certificado de vacunaci\u00f3n contra la rabia. Las mascotas suponen un gasto adicional ya especificado en nuestra web. No se permiten entrar perros en zonas comunes o piscinas.\r\n<h4><strong>7. NORMAS DE LA CASA<\/strong><\/h4>\r\nPara facilitar su dia a dia, en su vivienda encontrar\u00e1 una hoja de recomendaciones . Le reconmendamos por su seguridad seguir dichas normas. (antes de salir aseg\u00farense de que todas las puertas y ventanas est\u00e9n cerradas)\r\n\r\nLe advertimos que no nos hacemos reponsables\r\n<h4><strong>8. EN EL EXTRANJERO<\/strong><\/h4>\r\nPara viajes al extranjero debe verificar la validez de su dni o su pasaporte y su seguro . Informarse sobre las leyes vigentes del pais que va a visitar.\r\n<h4><strong>9. CANCELACI\u00d3N DE LA ESTANCIA<\/strong><\/h4>\r\nSi decide cancelar sus vacaciones no se le reembolsar\u00e1 el importe pagado.\r\n<h4><strong>10. Cambios a la oferta<\/strong><\/h4>\r\nSeg\u00fan las circumstancias (por causas de fuerza major) nos podemos ver obligados a cerrar el domicilio o parte de \u00e9l como la piscina o la zona com\u00fan.\r\n<h4><strong>11.ATENCI\u00d3N AL CLIENTE<\/strong><\/h4>\r\nNuestro equipo est\u00e1 disponible para solucionarle cualquier problema relacionado con su estancia.Puede llamarnos para cualquier duda, sugerimiento o queja.\r\n<h4><strong>12. TERMINOS<\/strong><\/h4>\r\nAl alquilar una vivienda con nosotros, autom\u00e1ticamente, acepta nuetros t\u00e9rminos y condiciones. En nuestra p\u00e1gina web publicamos descripciones y fotos de las viviendas. Dichas fotos son solo orientativas y puede variar la decoraci\u00f3n o la distribuci\u00f3n de la misma.Para obtener m\u00e1s informaci\u00f3n dir\u00edjanse a nuestro departamento del alquiler. Intentaremos cumplir sus espectativas sobre la orientaci\u00f3n o situaci\u00f3n de la vivienda, pero no podemos asegurarlo al 100 %. Las ofertas deportivas o de ocio se nos comunican a trav\u00e9s de la oficina de turismo, no nos hacemos responsables de la anulaci\u00f3n, cambio o alteraciones de dichas actividades. Cuando reserve aseg\u00farense de que la informaci\u00f3n que sale en la web no ha sufrido ninguna alteraci\u00f3n.\r\n\r\nNo nos hacemos responsables de las obras o ruidos causados por particulares.\r\n<h4><strong>13. RESPONSABILIDAD<\/strong><\/h4>\r\nSe advierte que no se aplican las leyes de responsabilidad de los hoteles. En consecuencia, no nos hacemos responsables en caso de robo, p\u00e9rdida o da\u00f1os a la propiedad personal de los hu\u00e9spedes.Tampoco de alojamiento de vacaciones, aparcamiento, zonas comunes u otros como bicicletas , trasteros etc.\r\n\r\nNuestros t\u00e9rminos y condiciones generales cumplen con las disposiciones de los Reglamentos de la Autoridad de Turismo de Espa\u00f1a\t\t\t\t\t\t\t\t<\/div>\n\t\t\t\t<\/div>\n\t\t\t\t\t<\/div>\n\t\t<\/div>\n\t\t\t\t\t<\/div>\n\t\t<\/section>\n\t\t\t\t<\/div>\n\t\t","protected":false},"excerpt":{"rendered":"<p>1. REGISTRO Y RESERVA Al registrarse en la residencia los pagos son los siguientes : &#8211; Un dep\u00f3sito de: \u2022 + \/ &#8211; 30% del precio total de alquiler y los servicios contratados con antelaci\u00f3n . El cliente es responsable de su seguro de viaje, le recomendamos que contrate uno. Es obligatorio efectuar el pago [&hellip;]<\/p>\n","protected":false},"author":1,"featured_media":0,"parent":0,"menu_order":0,"comment_status":"closed","ping_status":"closed","template":"elementor_header_footer","meta":{"footnotes":""},"class_list":["post-177143","page","type-page","status-publish","hentry"],"_links":{"self":[{"href":"https:\/\/immoservicemeisel.com\/en\/wp-json\/wp\/v2\/pages\/177143","targetHints":{"allow":["GET"]}}],"collection":[{"href":"https:\/\/immoservicemeisel.com\/en\/wp-json\/wp\/v2\/pages"}],"about":[{"href":"https:\/\/immoservicemeisel.com\/en\/wp-json\/wp\/v2\/types\/page"}],"author":[{"embeddable":true,"href":"https:\/\/immoservicemeisel.com\/en\/wp-json\/wp\/v2\/users\/1"}],"replies":[{"embeddable":true,"href":"https:\/\/immoservicemeisel.com\/en\/wp-json\/wp\/v2\/comments?post=177143"}],"version-history":[{"count":1,"href":"https:\/\/immoservicemeisel.com\/en\/wp-json\/wp\/v2\/pages\/177143\/revisions"}],"predecessor-version":[{"id":177551,"href":"https:\/\/immoservicemeisel.com\/en\/wp-json\/wp\/v2\/pages\/177143\/revisions\/177551"}],"wp:attachment":[{"href":"https:\/\/immoservicemeisel.com\/en\/wp-json\/wp\/v2\/media?parent=177143"}],"curies":[{"name":"wp","href":"https:\/\/api.w.org\/{rel}","templated":true}]}}