{"id":177545,"date":"2024-03-04T10:09:25","date_gmt":"2024-03-04T09:09:25","guid":{"rendered":"https:\/\/immoservicemeisel.com\/unsere-dienstleistungen\/"},"modified":"2024-03-04T10:09:25","modified_gmt":"2024-03-04T09:09:25","slug":"unsere-dienstleistungen","status":"publish","type":"page","link":"https:\/\/immoservicemeisel.com\/de\/unsere-dienstleistungen\/","title":{"rendered":"Unsere Dienstleistungen"},"content":{"rendered":"\t\t<div data-elementor-type=\"wp-page\" data-elementor-id=\"177545\" class=\"elementor elementor-177545 elementor-169445\" data-elementor-post-type=\"page\">\n\t\t\t\t\t\t<section class=\"elementor-section elementor-top-section elementor-element elementor-element-49138f8c elementor-section-height-min-height animated-slow elementor-section-boxed elementor-section-height-default elementor-section-items-middle elementor-invisible\" data-id=\"49138f8c\" data-element_type=\"section\" data-settings=\"{&quot;background_background&quot;:&quot;classic&quot;,&quot;animation&quot;:&quot;fadeIn&quot;}\">\n\t\t\t\t\t\t\t<div class=\"elementor-background-overlay\"><\/div>\n\t\t\t\t\t\t\t<div class=\"elementor-container elementor-column-gap-default\">\n\t\t\t\t\t<div class=\"elementor-column elementor-col-100 elementor-top-column elementor-element elementor-element-251ffcee\" data-id=\"251ffcee\" data-element_type=\"column\">\n\t\t\t<div class=\"elementor-widget-wrap elementor-element-populated\">\n\t\t\t\t\t\t\t<\/div>\n\t\t<\/div>\n\t\t\t\t\t<\/div>\n\t\t<\/section>\n\t\t\t\t<section class=\"elementor-section elementor-top-section elementor-element elementor-element-43c71d38 elementor-section-boxed elementor-section-height-default elementor-section-height-default\" data-id=\"43c71d38\" data-element_type=\"section\" data-settings=\"{&quot;background_background&quot;:&quot;classic&quot;}\">\n\t\t\t\t\t\t<div class=\"elementor-container elementor-column-gap-default\">\n\t\t\t\t\t<div class=\"elementor-column elementor-col-100 elementor-top-column elementor-element elementor-element-16109477\" data-id=\"16109477\" data-element_type=\"column\">\n\t\t\t<div class=\"elementor-widget-wrap elementor-element-populated\">\n\t\t\t\t\t\t<div class=\"elementor-element elementor-element-3ff3adea animated-slow elementor-invisible elementor-widget elementor-widget-houzez_elementor_section_title\" data-id=\"3ff3adea\" data-element_type=\"widget\" data-settings=\"{&quot;_animation&quot;:&quot;fadeIn&quot;}\" data-widget_type=\"houzez_elementor_section_title.default\">\n\t\t\t\t<div class=\"elementor-widget-container\">\n\t\t\t\t\t            <div class=\"houzez_section_title_wrap section-title-module\">\n                                    <h2 class=\"houzez_section_title\">Unsere Dienstleistungen<\/h2>\n                \n                            <\/div>\n            \t\t\t\t<\/div>\n\t\t\t\t<\/div>\n\t\t\t\t<div class=\"elementor-element elementor-element-f5ae259 elementor-widget elementor-widget-text-editor\" data-id=\"f5ae259\" data-element_type=\"widget\" data-widget_type=\"text-editor.default\">\n\t\t\t\t<div class=\"elementor-widget-container\">\n\t\t\t\t\t\t\t\t\t<h4><strong><img fetchpriority=\"high\" decoding=\"async\" class=\"aligncenter wp-image-177527 \" src=\"https:\/\/immoservicemeisel.com\/wp-content\/uploads\/administracion-mini.jpg\" alt=\"\" width=\"1102\" height=\"349\" srcset=\"https:\/\/immoservicemeisel.com\/wp-content\/uploads\/administracion-mini.jpg 330w, https:\/\/immoservicemeisel.com\/wp-content\/uploads\/administracion-mini-300x95.jpg 300w\" sizes=\"(max-width: 1102px) 100vw, 1102px\" \/><\/strong><\/h4>\n<h4><\/h4>\n<h4>Dienstleistungen<\/h4>\n<p>Dienstleistungen Immo Service Meisel m\u00f6chte dem Kunden, Eigent\u00fcmer oder Mieter, bei den verschiedenen Beh\u00f6rdeng\u00e4ngen mit Rat und Tat zur Seite stehen, sowie dazu beitragen administrative Probleme zu l\u00f6sen, sei es \u2026<\/p>\n<h4><strong><img decoding=\"async\" class=\"alignnone size-full wp-image-169452\" src=\"\/wp-content\/uploads\/oficina-mini.jpg\" alt=\"\" width=\"100%\" height=\"auto\" srcset=\"https:\/\/immoservicemeisel.com\/wp-content\/uploads\/oficina-mini.jpg 330w, https:\/\/immoservicemeisel.com\/wp-content\/uploads\/oficina-mini-300x95.jpg 300w\" sizes=\"(max-width: 330px) 100vw, 330px\" \/><\/strong><\/h4>\n<h4><\/h4>\n<h4>Hausverwaltung<\/h4>\n<p>as Grundprinzip von Immo Service Meisel ist die Vertrauensbasis mit unseren Kunden, um besser auf die speziellen Bed\u00fcrfnisse einzugehen und den bestm\u00f6glichen Service bieten zu k\u00f6nnen. Wir betreuen Ihr \u2026<\/p>\n<p><img decoding=\"async\" class=\"alignnone size-full wp-image-169448\" src=\"\/wp-content\/uploads\/limpieza-mini.jpg\" alt=\"\" width=\"100%\" height=\"auto\" srcset=\"https:\/\/immoservicemeisel.com\/wp-content\/uploads\/limpieza-mini.jpg 330w, https:\/\/immoservicemeisel.com\/wp-content\/uploads\/limpieza-mini-300x95.jpg 300w\" sizes=\"(max-width: 330px) 100vw, 330px\" \/><\/p>\n<h4><\/h4>\n<h4>Reinigungsservice<\/h4>\n<p>Eine gute Verwaltung beginnt mit einem guten Reinigungsservice. Immo Service Meisel garantiert eine erstklassige Dienstleistung: W\u00f6chentliche Reinigung von Privath\u00e4usern und Privatwohnungen Reinigungen bei Vermietungen Grundreinigung nach Baubeendigung \/ Umbauarbeiten \u2026<\/p>\n\t\t\t\t\t\t\t\t<\/div>\n\t\t\t\t<\/div>\n\t\t\t\t\t<\/div>\n\t\t<\/div>\n\t\t\t\t\t<\/div>\n\t\t<\/section>\n\t\t\t\t<\/div>\n\t\t","protected":false},"excerpt":{"rendered":"<p>Unsere Dienstleistungen Dienstleistungen Dienstleistungen Immo Service Meisel m\u00f6chte dem Kunden, Eigent\u00fcmer oder Mieter, bei den verschiedenen Beh\u00f6rdeng\u00e4ngen mit Rat und Tat zur Seite stehen, sowie dazu beitragen administrative Probleme zu l\u00f6sen, sei es \u2026 Hausverwaltung as Grundprinzip von Immo Service Meisel ist die Vertrauensbasis mit unseren Kunden, um besser auf die speziellen Bed\u00fcrfnisse einzugehen und [&hellip;]<\/p>\n","protected":false},"author":1,"featured_media":0,"parent":0,"menu_order":0,"comment_status":"closed","ping_status":"closed","template":"elementor_header_footer","meta":{"footnotes":""},"class_list":["post-177545","page","type-page","status-publish","hentry"],"_links":{"self":[{"href":"https:\/\/immoservicemeisel.com\/de\/wp-json\/wp\/v2\/pages\/177545","targetHints":{"allow":["GET"]}}],"collection":[{"href":"https:\/\/immoservicemeisel.com\/de\/wp-json\/wp\/v2\/pages"}],"about":[{"href":"https:\/\/immoservicemeisel.com\/de\/wp-json\/wp\/v2\/types\/page"}],"author":[{"embeddable":true,"href":"https:\/\/immoservicemeisel.com\/de\/wp-json\/wp\/v2\/users\/1"}],"replies":[{"embeddable":true,"href":"https:\/\/immoservicemeisel.com\/de\/wp-json\/wp\/v2\/comments?post=177545"}],"version-history":[{"count":1,"href":"https:\/\/immoservicemeisel.com\/de\/wp-json\/wp\/v2\/pages\/177545\/revisions"}],"predecessor-version":[{"id":177546,"href":"https:\/\/immoservicemeisel.com\/de\/wp-json\/wp\/v2\/pages\/177545\/revisions\/177546"}],"wp:attachment":[{"href":"https:\/\/immoservicemeisel.com\/de\/wp-json\/wp\/v2\/media?parent=177545"}],"curies":[{"name":"wp","href":"https:\/\/api.w.org\/{rel}","templated":true}]}}