{"id":177520,"date":"2024-03-04T09:51:18","date_gmt":"2024-03-04T08:51:18","guid":{"rendered":"https:\/\/immoservicemeisel.com\/die-umgebung\/"},"modified":"2024-03-04T09:51:19","modified_gmt":"2024-03-04T08:51:19","slug":"die-umgebung","status":"publish","type":"page","link":"https:\/\/immoservicemeisel.com\/de\/die-umgebung\/","title":{"rendered":"Die Umgebung"},"content":{"rendered":"\t\t<div data-elementor-type=\"wp-page\" data-elementor-id=\"177520\" class=\"elementor elementor-177520 elementor-169011\" data-elementor-post-type=\"page\">\n\t\t\t\t\t\t<section class=\"elementor-section elementor-top-section elementor-element elementor-element-139b5c60 elementor-section-height-min-height animated-slow elementor-section-boxed elementor-section-height-default elementor-section-items-middle elementor-invisible\" data-id=\"139b5c60\" data-element_type=\"section\" data-settings=\"{&quot;background_background&quot;:&quot;classic&quot;,&quot;animation&quot;:&quot;fadeIn&quot;}\">\n\t\t\t\t\t\t\t<div class=\"elementor-background-overlay\"><\/div>\n\t\t\t\t\t\t\t<div class=\"elementor-container elementor-column-gap-default\">\n\t\t\t\t\t<div class=\"elementor-column elementor-col-100 elementor-top-column elementor-element elementor-element-293e15a1\" data-id=\"293e15a1\" data-element_type=\"column\">\n\t\t\t<div class=\"elementor-widget-wrap elementor-element-populated\">\n\t\t\t\t\t\t\t<\/div>\n\t\t<\/div>\n\t\t\t\t\t<\/div>\n\t\t<\/section>\n\t\t\t\t<section class=\"elementor-section elementor-top-section elementor-element elementor-element-1f2a036 elementor-section-boxed elementor-section-height-default elementor-section-height-default\" data-id=\"1f2a036\" data-element_type=\"section\">\n\t\t\t\t\t\t<div class=\"elementor-container elementor-column-gap-default\">\n\t\t\t\t\t<div class=\"elementor-column elementor-col-100 elementor-top-column elementor-element elementor-element-33d4e81\" data-id=\"33d4e81\" data-element_type=\"column\">\n\t\t\t<div class=\"elementor-widget-wrap elementor-element-populated\">\n\t\t\t\t\t\t<div class=\"elementor-element elementor-element-45df8ed elementor-widget__width-inherit elementor-widget elementor-widget-text-editor\" data-id=\"45df8ed\" data-element_type=\"widget\" data-widget_type=\"text-editor.default\">\n\t\t\t\t<div class=\"elementor-widget-container\">\n\t\t\t\t\t\t\t\t\t<h3>Costa Brava<\/h3>\n<p>Die\u00a0Costa Brava\u00a0von Blanes bis Portbou ist ein Sammelsurium aus wirklich reizvollen Eindr\u00fccken. Dreh- und Angelpunkt hier ist die Natur mit dem\u00a0Naturpark Cap de Creus, dem\u00a0Naturpark Aiguamolls de l\u2019Empord\u00e0\u00a0und dem\u00a0Naturpark Montgr\u00ed, Medes-Inseln und Baix Ter. Diese drei ganz unterschiedlichen Szenarien bilden drei biologisch besonders wertvolle Naturr\u00e4ume.<\/p>\n<p>Auch unsere K\u00fcste wird Sie mit sch\u00f6nen, touristisch hochwertigen\u00a0Str\u00e4nden\u00a0und wunderbaren\u00a0Buchten\u00a0bezaubern. Manche Buchten h\u00fcten, zwischen Steilh\u00e4ngen verborgen, eine paradiesische Idylle. Dazu gesellt sich der ausgepr\u00e4gt mediterrane Charakter vieler Orte wie\u00a0Cadaqu\u00e9s\u00a0oder\u00a0Calella de Palafrugell.<\/p>\n<p>Merken Sie sich auch einige der wirklich einzigartigen Ausflugsziele vor, wie die\u00a0Bucht von Roses, den\u00a0See von Banyoles\u00a0und die\u00a0botanischen G\u00e4rten\u00a0vonSanta Clotilde, Pinya de Rosa, Marimurtra und Cap Roig.<\/p>\n<p>Die\u00a0Costa Brava\u00a0h\u00e4lt zudem eine breite Palette an Kulturangeboten f\u00fcr Sie bereit. Dazu geh\u00f6ren die gro\u00dfartige Hinterlassenschaft des K\u00fcnstlers\u00a0Salvador Dal\u00ed\u00a0im Empord\u00e0, das Kloster von Sant Pere de Rodes und die Burg von Peratallada,\u00a0mittelalterliche Stadtkerne\u00a0wieinTossa de Mar, P\u00fabol oder Pals, die\u00a0Ruinen von Emp\u00faries\u00a0als au\u00dfergew\u00f6hnliche Zeugnisse der griechischen und der r\u00f6mischen Zivilisationen, die\u00a0T\u00f6pfereitradition\u00a0in La Bisbal und die Altstadt von\u00a0Girona\u00a0mit einem historischen Schmuckst\u00fcck ersten Ranges, dem j\u00fcdischen Viertel.<\/p>\n\t\t\t\t\t\t\t\t<\/div>\n\t\t\t\t<\/div>\n\t\t\t\t<div class=\"elementor-element elementor-element-d992b7c elementor-widget elementor-widget-text-editor\" data-id=\"d992b7c\" data-element_type=\"widget\" data-widget_type=\"text-editor.default\">\n\t\t\t\t<div class=\"elementor-widget-container\">\n\t\t\t\t\t\t\t\t\t<h3>Str\u00e4nde<\/h3>\n<p>Die\u00a0Costa Brava, das ist Sonne,\u00a0Strand, zwischen der Vegetation versteckte Buchten, erfrischende B\u00e4der, sauberes Wasser, Ruhe, Spazierg\u00e4nge auf den Rundwanderwegen, K\u00fcstenorte mit Charme\u2026 Sie k\u00f6nnen sich bereits ein Bild machen, nicht wahr? Na dann greifen Sie Ihren Kalender, suchen Sie den n\u00e4chsten unverplanten Zeitraum und bereiten Sie sich auf einen gro\u00dfartigen Tag am Meer vor- auf einen, oder auf so viele, wie Sie haben.<\/p>\n\t\t\t\t\t\t\t\t<\/div>\n\t\t\t\t<\/div>\n\t\t\t\t<div class=\"elementor-element elementor-element-b8689c3 elementor-widget elementor-widget-text-editor\" data-id=\"b8689c3\" data-element_type=\"widget\" data-widget_type=\"text-editor.default\">\n\t\t\t\t<div class=\"elementor-widget-container\">\n\t\t\t\t\t\t\t\t\t<h3>Theater-Museum Dal\u00ed<\/h3>\n<p class=\"Etiqueta\">Das 1974 er\u00f6ffnete Theater-Museum Dal\u00ed wurde auf den Resten des antiken Theaters von Figueres errichtet und beherbergt die breiteste Palette an Werken, die das k\u00fcnstlerische Schaffen von Salvador Dal\u00ed (1904-1989) beschreiben, von seinen ersten k\u00fcnstlerischen Experimenten und surrealistischen Kreationen bis zu den Werken aus seinen letzten Lebensjahren.<\/p>\n<p class=\"Etiqueta\">Zu den bemerkenswertesten Werken, die hier ausgestellt sind, geh\u00f6ren: Port Alguer (1924), Noia de Figueres (M\u00e4dchen aus Figueres, 1926), L\u2019Espectre del sex-appeal (Das Gespenst des Sexappeal, 1934), Autoretrat tou am bac\u00f3 fregit (Weiches Selbstbildnis mit gebratenem Speck, 1941), Poes\u00eda d\u2019Am\u00e8rica-Els atletes c\u00f2smics (Amerika-Poesie \u2013 die kosmischen Athleten, 1943), Galarina (1944-45), La panera del pa (der Brotkorb, 1945), El nas de Napole\u00f3 transformat en una dona encinta que passeja la seva ombra malenconiosa entre les r\u00fc\u00ednes originals (Napoleons Nase, verwandelt zu einer schwangeren Frau, die ihren Schatten melancholisch durch die urspr\u00fcnglichen Ruinen spazieren f\u00fchrt, 1945), Leda at\u00f3mica (Leda atomar 1945), L\u2019apoteosi del d\u00f2lar (Die Apotheose des Dollar, 1965), Galatea de les esferes (Galatea von den Kugeln, 1952) und Aurora, migdia, capvespre i crepuscle (Morgenr\u00f6te, Mittag, Nachmittag und D\u00e4mmerung, 1979).<\/p>\n<p class=\"Etiqueta\">Ebenfalls Erw\u00e4hnung verdient die Sammlung von Werken, die der K\u00fcnstler gezielt f\u00fcr das Theater-Museum geschaffen hat, wie den Raum Mae West, den Raum Palau del Vent, das Monument zu Ehren von Francesc Pujols und den Cadillac pluj\u00f3s (regnerischer Cadillac). Ebenfalls gezeigt werden Werke anderer K\u00fcnstler, die Dal\u00ed mit aufnehmen wollte, n\u00e4mlich El Greco, Mari\u00e0 Fortuny, Modest Urgell, Ernest Meissonier, Marcel Duchamp, Wolf Vostell, Antoni Pitxot und Evarist Vall\u00e8s und andere.<\/p>\n<p class=\"Etiqueta\">Das Theater-Museum Dal\u00ed ist als Ganzes zu verstehen, als das gro\u00dfe Werk Salvador Dal\u00eds, zumal alles, was es enth\u00e4lt, vom K\u00fcnstler selbst konzipiert und gestaltet wurde, um dem Besucher eine wahre Erfahrung zu erm\u00f6glichen und ihn in seine fesselnde und einzigartige Welt zu f\u00fchren.<\/p>\n\t\t\t\t\t\t\t\t<\/div>\n\t\t\t\t<\/div>\n\t\t\t\t<div class=\"elementor-element elementor-element-d15c86c elementor-widget elementor-widget-text-editor\" data-id=\"d15c86c\" data-element_type=\"widget\" data-widget_type=\"text-editor.default\">\n\t\t\t\t<div class=\"elementor-widget-container\">\n\t\t\t\t\t\t\t\t\t<h3>Burg von Sant Ferran<\/h3>\n<p class=\"Etiqueta\">Der Bau wurde im Jahr 1753 vom ehrenwerten Milit\u00e4ringenieur Juan Mar\u00edn Zermi\u00f1o begonnen und konnte erst 1792 genutzt werden. Es handelt sich um eine der gr\u00f6\u00dften Festungen dieser Art, die in Europa errichtet wurden. Der Grundriss bildet ein unregelm\u00e4\u00dfig symmetrisches F\u00fcnfeck mit doppeltem Verteidigungsring aus Au\u00dfenwerken unterschiedlicher Art und Gr\u00f6\u00dfe. Der Au\u00dfenumfang der Anlage misst 3.125 Meter. Im Verteidigungsgraben liegen die zuvor genannten Au\u00dfenwerke: zwei Vorw\u00e4lle und sieben Au\u00dfenschanzen, zu denen sich f\u00fcnf unterirdische Galerien als Gegenminen und 7 Zisternen mit gro\u00dfem Fassungsverm\u00f6gen gesellen.<\/p>\n<p class=\"Etiqueta\">Der Innenbereich besteht aus f\u00fcnf gro\u00dfen Bollwerken und einem Bollwerk mit kleineren Abmessungen, bzw. einer Plattform, und hat einen Gesamtumfang von 2.100 Metern. Im Zentrum liegt der ger\u00e4umige Kasernenhof mit zw\u00f6lftausend Quadratmetern, darum 7 gro\u00dfe Geb\u00e4udekomplexe zur Unterbringung der Garnison. Eine Garnison war 4.000 Mann stark, doch konnte der Bereich im Notfall bis zur doppelten Anzahl an Menschen unterbringen. Die ger\u00e4umigen Pferdest\u00e4lle mit einer L\u00e4nge von 300 Metern boten bis zu 500 Pferden Platz. Unter dem Kasernenhof liegt der beeindruckendste Sehensw\u00fcrdigkeit der Monumentalanlage: Die au\u00dfergew\u00f6hnlichen, mit Schiffen befahrbaren Zisternen, die bis zu 9 Millionen Liter Wasser fassen k\u00f6nnen. Die Burg Sant Ferran wurde 1996 zum ersten Mal dem Publikum zug\u00e4nglich gemacht und ist seit 1997 regelm\u00e4\u00dfig f\u00fcr Besichtigungen ge\u00f6ffnet. Es ist als Kulturgut von nationalem Interesse eingestuft.<\/p>\n\t\t\t\t\t\t\t\t<\/div>\n\t\t\t\t<\/div>\n\t\t\t\t\t<\/div>\n\t\t<\/div>\n\t\t\t\t\t<\/div>\n\t\t<\/section>\n\t\t\t\t<\/div>\n\t\t","protected":false},"excerpt":{"rendered":"<p>Costa Brava Die\u00a0Costa Brava\u00a0von Blanes bis Portbou ist ein Sammelsurium aus wirklich reizvollen Eindr\u00fccken. Dreh- und Angelpunkt hier ist die Natur mit dem\u00a0Naturpark Cap de Creus, dem\u00a0Naturpark Aiguamolls de l\u2019Empord\u00e0\u00a0und dem\u00a0Naturpark Montgr\u00ed, Medes-Inseln und Baix Ter. Diese drei ganz unterschiedlichen Szenarien bilden drei biologisch besonders wertvolle Naturr\u00e4ume. Auch unsere K\u00fcste wird Sie mit sch\u00f6nen, touristisch [&hellip;]<\/p>\n","protected":false},"author":1,"featured_media":0,"parent":0,"menu_order":0,"comment_status":"closed","ping_status":"closed","template":"elementor_header_footer","meta":{"footnotes":""},"class_list":["post-177520","page","type-page","status-publish","hentry"],"_links":{"self":[{"href":"https:\/\/immoservicemeisel.com\/de\/wp-json\/wp\/v2\/pages\/177520","targetHints":{"allow":["GET"]}}],"collection":[{"href":"https:\/\/immoservicemeisel.com\/de\/wp-json\/wp\/v2\/pages"}],"about":[{"href":"https:\/\/immoservicemeisel.com\/de\/wp-json\/wp\/v2\/types\/page"}],"author":[{"embeddable":true,"href":"https:\/\/immoservicemeisel.com\/de\/wp-json\/wp\/v2\/users\/1"}],"replies":[{"embeddable":true,"href":"https:\/\/immoservicemeisel.com\/de\/wp-json\/wp\/v2\/comments?post=177520"}],"version-history":[{"count":1,"href":"https:\/\/immoservicemeisel.com\/de\/wp-json\/wp\/v2\/pages\/177520\/revisions"}],"predecessor-version":[{"id":177521,"href":"https:\/\/immoservicemeisel.com\/de\/wp-json\/wp\/v2\/pages\/177520\/revisions\/177521"}],"wp:attachment":[{"href":"https:\/\/immoservicemeisel.com\/de\/wp-json\/wp\/v2\/media?parent=177520"}],"curies":[{"name":"wp","href":"https:\/\/api.w.org\/{rel}","templated":true}]}}