{"id":177157,"date":"2024-03-01T18:50:02","date_gmt":"2024-03-01T17:50:02","guid":{"rendered":"https:\/\/immoservicemeisel.com\/ueber-uns\/"},"modified":"2024-03-01T18:50:03","modified_gmt":"2024-03-01T17:50:03","slug":"ueber-uns","status":"publish","type":"page","link":"https:\/\/immoservicemeisel.com\/de\/ueber-uns\/","title":{"rendered":"\u00dcber uns"},"content":{"rendered":"\t\t<div data-elementor-type=\"wp-page\" data-elementor-id=\"177157\" class=\"elementor elementor-177157 elementor-16650\" data-elementor-post-type=\"page\">\n\t\t\t\t\t\t<section class=\"elementor-section elementor-top-section elementor-element elementor-element-5b81e21 elementor-section-height-min-height animated-slow elementor-section-boxed elementor-section-height-default elementor-section-items-middle elementor-invisible\" data-id=\"5b81e21\" data-element_type=\"section\" data-settings=\"{&quot;background_background&quot;:&quot;classic&quot;,&quot;animation&quot;:&quot;fadeIn&quot;}\">\n\t\t\t\t\t\t\t<div class=\"elementor-background-overlay\"><\/div>\n\t\t\t\t\t\t\t<div class=\"elementor-container elementor-column-gap-default\">\n\t\t\t\t\t<div class=\"elementor-column elementor-col-100 elementor-top-column elementor-element elementor-element-ad367f8\" data-id=\"ad367f8\" data-element_type=\"column\">\n\t\t\t<div class=\"elementor-widget-wrap elementor-element-populated\">\n\t\t\t\t\t\t\t<\/div>\n\t\t<\/div>\n\t\t\t\t\t<\/div>\n\t\t<\/section>\n\t\t\t\t<section class=\"elementor-section elementor-top-section elementor-element elementor-element-09038dc elementor-section-boxed elementor-section-height-default elementor-section-height-default\" data-id=\"09038dc\" data-element_type=\"section\" data-settings=\"{&quot;background_background&quot;:&quot;classic&quot;}\">\n\t\t\t\t\t\t<div class=\"elementor-container elementor-column-gap-default\">\n\t\t\t\t\t<div class=\"elementor-column elementor-col-100 elementor-top-column elementor-element elementor-element-c8278ac\" data-id=\"c8278ac\" data-element_type=\"column\">\n\t\t\t<div class=\"elementor-widget-wrap elementor-element-populated\">\n\t\t\t\t\t\t<div class=\"elementor-element elementor-element-e7372b6 animated-slow elementor-invisible elementor-widget elementor-widget-houzez_elementor_section_title\" data-id=\"e7372b6\" data-element_type=\"widget\" data-settings=\"{&quot;_animation&quot;:&quot;fadeIn&quot;}\" data-widget_type=\"houzez_elementor_section_title.default\">\n\t\t\t\t<div class=\"elementor-widget-container\">\n\t\t\t\t\t            <div class=\"houzez_section_title_wrap section-title-module\">\n                                    <h2 class=\"houzez_section_title\">\u00dcber uns<\/h2>\n                \n                            <\/div>\n            \t\t\t\t<\/div>\n\t\t\t\t<\/div>\n\t\t\t\t<div class=\"elementor-element elementor-element-69fe9b8 elementor-widget elementor-widget-text-editor\" data-id=\"69fe9b8\" data-element_type=\"widget\" data-widget_type=\"text-editor.default\">\n\t\t\t\t<div class=\"elementor-widget-container\">\n\t\t\t\t\t\t\t\t\t<p>Seit 30 Jahren lebe ich in Empuriabrava und habe w\u00e4hrend der letzten 13 Jahre im Immobiliensektor gearbeitet. Dadurch hatte ich die M\u00f6glichkeit aus erster Hand alle Gegebenheiten die in diesem Sektor auftreten kennenzulernen. Dieses hat mich motiviert mein Projekt zu starten.<\/p>\n<p><strong><em>IMMO SERVICE MEISEL<\/em><\/strong>\u00a0ist ein pers\u00f6nliches Projekt, welches durch andere Agenturen der Region unterst\u00fctzt wird, sowie auch von meiner Familie und Freunden.<\/p>\n<p><strong><em>IMMO SERVICE MEISEL<\/em><\/strong>\u00a0m\u00f6chte den Kunden unterst\u00fctzen bei Beh\u00f6rdeng\u00e4ngen (Erhaltung der NIE, Steuererkl\u00e4rungen, Beantragung von Energieausweis und Bewohnbarkeitsbescheinigungen, Rathaus, Problemen mit Wasser- und Stromwerken) sowie bei allen weiteren individuellen Angelegenheiten (Verkauf, Vermietung,Wartung,Verwaltung der Immobilie, Schl\u00fcsselverwahrung). F\u00fcr K\u00e4ufer und Verk\u00e4ufer, und auch f\u00fcr Eigent\u00fcmer und Mieter.<\/p>\n<p>Jedweder Service rund um die Immobilie wird geboten, immer die bestm\u00f6gliche L\u00f6sung f\u00fcr den Kunden gesucht \u2013 alles mit Transparenz, Sorgfalt und Motivation.<\/p>\n\t\t\t\t\t\t\t\t<\/div>\n\t\t\t\t<\/div>\n\t\t\t\t\t<\/div>\n\t\t<\/div>\n\t\t\t\t\t<\/div>\n\t\t<\/section>\n\t\t\t\t<\/div>\n\t\t","protected":false},"excerpt":{"rendered":"<p>\u00dcber uns Seit 30 Jahren lebe ich in Empuriabrava und habe w\u00e4hrend der letzten 13 Jahre im Immobiliensektor gearbeitet. Dadurch hatte ich die M\u00f6glichkeit aus erster Hand alle Gegebenheiten die in diesem Sektor auftreten kennenzulernen. Dieses hat mich motiviert mein Projekt zu starten. IMMO SERVICE MEISEL\u00a0ist ein pers\u00f6nliches Projekt, welches durch andere Agenturen der Region [&hellip;]<\/p>\n","protected":false},"author":1,"featured_media":0,"parent":0,"menu_order":0,"comment_status":"closed","ping_status":"closed","template":"template\/template-homepage.php","meta":{"footnotes":""},"class_list":["post-177157","page","type-page","status-publish","hentry"],"_links":{"self":[{"href":"https:\/\/immoservicemeisel.com\/de\/wp-json\/wp\/v2\/pages\/177157","targetHints":{"allow":["GET"]}}],"collection":[{"href":"https:\/\/immoservicemeisel.com\/de\/wp-json\/wp\/v2\/pages"}],"about":[{"href":"https:\/\/immoservicemeisel.com\/de\/wp-json\/wp\/v2\/types\/page"}],"author":[{"embeddable":true,"href":"https:\/\/immoservicemeisel.com\/de\/wp-json\/wp\/v2\/users\/1"}],"replies":[{"embeddable":true,"href":"https:\/\/immoservicemeisel.com\/de\/wp-json\/wp\/v2\/comments?post=177157"}],"version-history":[{"count":1,"href":"https:\/\/immoservicemeisel.com\/de\/wp-json\/wp\/v2\/pages\/177157\/revisions"}],"predecessor-version":[{"id":177158,"href":"https:\/\/immoservicemeisel.com\/de\/wp-json\/wp\/v2\/pages\/177157\/revisions\/177158"}],"wp:attachment":[{"href":"https:\/\/immoservicemeisel.com\/de\/wp-json\/wp\/v2\/media?parent=177157"}],"curies":[{"name":"wp","href":"https:\/\/api.w.org\/{rel}","templated":true}]}}